{"id":999,"date":"2025-03-08T03:49:29","date_gmt":"2025-03-08T02:49:29","guid":{"rendered":"http:\/\/fineline.local\/info\/"},"modified":"2026-02-22T01:59:34","modified_gmt":"2026-02-22T00:59:34","slug":"info","status":"publish","type":"page","link":"https:\/\/finelinetattoo.pl\/en\/info\/","title":{"rendered":"Info"},"content":{"rendered":"<section class=\"l-section wpb_row height_medium\"><div class=\"l-section-h i-cf\"><div class=\"g-cols vc_row via_grid cols_1 laptops-cols_inherit tablets-cols_inherit mobiles-cols_1 valign_top type_default stacking_default\"><div class=\"wpb_column vc_column_container\"><div class=\"vc_column-inner\"><h1 class=\"w-text us_custom_66ee3449\"><span class=\"w-text-h\"><span class=\"w-text-value\">Information<\/span><\/span><\/h1><div class=\"w-separator us_custom_8dd538fd size_small with_line width_default thick_1 style_solid color_primary align_center\"><div class=\"w-separator-h\"><\/div><\/div><div class=\"wpb_text_column us_custom_564f2222\"><div class=\"wpb_wrapper\"><p>You\u2019ll find here all the most important information about our offer, appointment rules, tattoo aftercare, and available vouchers. If this is your first visit or you simply want to know more about our studio \u2013 you\u2019re in the right place.<\/p>\n<\/div><\/div><div class=\"w-separator size_medium\"><\/div><div class=\"g-cols wpb_row via_grid cols_3 laptops-cols_inherit tablets-cols_inherit mobiles-cols_1 valign_top type_default stacking_default\" style=\"--columns-gap:3rem;\"><div class=\"wpb_column vc_column_container\"><div class=\"vc_column-inner\"><div class=\"w-image us_custom_844cad05 has_ratio align_none\"><div class=\"w-image-h\"><div style=\"padding-bottom:100%\"><\/div><img decoding=\"async\" width=\"768\" height=\"1024\" src=\"https:\/\/finelinetattoo.pl\/wp-content\/uploads\/2025\/04\/fineline-studio-01-768x1024.jpg\" class=\"attachment-large size-large\" alt=\"\" loading=\"lazy\" \/><\/div><\/div><h2 class=\"w-text us_custom_8e356214\"><a href=\"https:\/\/finelinetattoo.pl\/en\/prices\/\" class=\"w-text-h\"><span class=\"w-text-value\">Price list<\/span><\/a><\/h2><div class=\"wpb_text_column us_custom_ea2be81a\"><div class=\"wpb_wrapper\"><p>Want to know how much a tattoo costs at our studio?<\/p>\n<\/div><\/div><div class=\"w-btn-wrapper align_none\"><a class=\"w-btn us-btn-style_6 icon_atright\" href=\"https:\/\/finelinetattoo.pl\/en\/prices\/\"><span class=\"w-btn-label\">Check the details<\/span><i class=\"material-icons\">arrow_forward<\/i><\/a><\/div><\/div><\/div><div class=\"wpb_column vc_column_container\"><div class=\"vc_column-inner\"><div class=\"w-image us_custom_844cad05 has_ratio align_none\"><div class=\"w-image-h\"><div style=\"padding-bottom:100%\"><\/div><img decoding=\"async\" width=\"1024\" height=\"683\" src=\"https:\/\/finelinetattoo.pl\/wp-content\/uploads\/2025\/05\/voucher-prezentowy-na-tatuaz-fineline-tattoo-gallery-krakow-1024x683.jpg\" class=\"attachment-large size-large\" alt=\"Elegancko zapakowany voucher na tatua\u017c z Fineline Tattoo Gallery w Krakowie \u2014 idealny pomys\u0142 na prezent na ka\u017cd\u0105 okazj\u0119, dost\u0119pny na dowoln\u0105 kwot\u0119.\" loading=\"lazy\" \/><\/div><\/div><h2 class=\"w-text us_custom_8e356214\"><a href=\"https:\/\/finelinetattoo.pl\/en\/vouchers\/\" class=\"w-text-h\"><span class=\"w-text-value\">Vouchers<\/span><\/a><\/h2><div class=\"wpb_text_column us_custom_ea2be81a\"><div class=\"wpb_wrapper\"><p>Looking for a gift idea? Discover our elegant<\/p>\n<\/div><\/div><div class=\"w-btn-wrapper align_none\"><a class=\"w-btn us-btn-style_6 icon_atright\" href=\"https:\/\/finelinetattoo.pl\/en\/vouchers\/\"><span class=\"w-btn-label\">gift vouchers.<\/span><i class=\"material-icons\">arrow_forward<\/i><\/a><\/div><\/div><\/div><div class=\"wpb_column vc_column_container\"><div class=\"vc_column-inner\"><div class=\"w-image us_custom_844cad05 has_ratio align_none\"><div class=\"w-image-h\"><div style=\"padding-bottom:100%\"><\/div><img decoding=\"async\" width=\"683\" height=\"1024\" src=\"https:\/\/finelinetattoo.pl\/wp-content\/uploads\/2025\/03\/IMG_4606-683x1024.jpg\" class=\"attachment-large size-large\" alt=\"Kosmetyki do piel\u0119gnacji tatua\u017cu ustawione na p\u00f3\u0142ce\" loading=\"lazy\" \/><\/div><\/div><h2 class=\"w-text us_custom_8e356214\"><a href=\"https:\/\/finelinetattoo.pl\/en\/info\/before-and-after-the-appointment\/\" class=\"w-text-h\"><span class=\"w-text-value\">Before &amp; After the Appointment<\/span><\/a><\/h2><div class=\"wpb_text_column us_custom_ea2be81a\"><div class=\"wpb_wrapper\"><div class=\"wpb_text_column\" data-=\"\">\n<div class=\"wpb_wrapper\">\n<p>Find out how to prepare for your session and how to care for a fresh tattoo.<\/p>\n<\/div>\n<\/div>\n<\/div><\/div><div class=\"w-btn-wrapper align_none\"><a class=\"w-btn us-btn-style_6 icon_atright\" href=\"https:\/\/finelinetattoo.pl\/en\/info\/before-and-after-the-appointment\/\"><span class=\"w-btn-label\">Learn more<\/span><i class=\"material-icons\">arrow_forward<\/i><\/a><\/div><\/div><\/div><div class=\"wpb_column vc_column_container\"><div class=\"vc_column-inner\"><div class=\"w-image us_custom_844cad05 has_ratio align_none\"><div class=\"w-image-h\"><div style=\"padding-bottom:100%\"><\/div><img decoding=\"async\" width=\"768\" height=\"1024\" src=\"https:\/\/finelinetattoo.pl\/wp-content\/uploads\/2025\/04\/fineline-studio-03-768x1024.jpg\" class=\"attachment-large size-large\" alt=\"\" loading=\"lazy\" \/><\/div><\/div><h2 class=\"w-text us_custom_8e356214\"><a href=\"https:\/\/finelinetattoo.pl\/en\/faq\/\" class=\"w-text-h\"><span class=\"w-text-value\">FAQ<\/span><\/a><\/h2><div class=\"wpb_text_column us_custom_ea2be81a\"><div class=\"wpb_wrapper\"><p>If you have any questions, also check out our FAQ or contact us directly via the contact form.<\/p>\n<\/div><\/div><div class=\"w-btn-wrapper align_none\"><a class=\"w-btn us-btn-style_6 icon_atright\" href=\"https:\/\/finelinetattoo.pl\/en\/faq\/\"><span class=\"w-btn-label\">Learn more<\/span><i class=\"material-icons\">arrow_forward<\/i><\/a><\/div><\/div><\/div><\/div><\/div><\/div><\/div><\/div><\/section>\n","protected":false},"excerpt":{"rendered":"","protected":false},"author":1,"featured_media":0,"parent":0,"menu_order":0,"comment_status":"closed","ping_status":"closed","template":"","meta":{"_acf_changed":false,"footnotes":""},"class_list":["post-999","page","type-page","status-publish","hentry"],"acf":[],"_links":{"self":[{"href":"https:\/\/finelinetattoo.pl\/en\/wp-json\/wp\/v2\/pages\/999","targetHints":{"allow":["GET"]}}],"collection":[{"href":"https:\/\/finelinetattoo.pl\/en\/wp-json\/wp\/v2\/pages"}],"about":[{"href":"https:\/\/finelinetattoo.pl\/en\/wp-json\/wp\/v2\/types\/page"}],"author":[{"embeddable":true,"href":"https:\/\/finelinetattoo.pl\/en\/wp-json\/wp\/v2\/users\/1"}],"replies":[{"embeddable":true,"href":"https:\/\/finelinetattoo.pl\/en\/wp-json\/wp\/v2\/comments?post=999"}],"version-history":[{"count":19,"href":"https:\/\/finelinetattoo.pl\/en\/wp-json\/wp\/v2\/pages\/999\/revisions"}],"predecessor-version":[{"id":2738,"href":"https:\/\/finelinetattoo.pl\/en\/wp-json\/wp\/v2\/pages\/999\/revisions\/2738"}],"wp:attachment":[{"href":"https:\/\/finelinetattoo.pl\/en\/wp-json\/wp\/v2\/media?parent=999"}],"curies":[{"name":"wp","href":"https:\/\/api.w.org\/{rel}","templated":true}]}}