{"id":1443,"date":"2025-06-12T16:24:00","date_gmt":"2025-06-12T14:24:00","guid":{"rendered":"https:\/\/finelinetattoo.pl\/?page_id=1443"},"modified":"2025-12-20T14:59:13","modified_gmt":"2025-12-20T13:59:13","slug":"individual-training-with-fine-line-from-basics-to-portfolio","status":"publish","type":"page","link":"https:\/\/finelinetattoo.pl\/en\/individual-training-with-fine-line-from-basics-to-portfolio\/","title":{"rendered":"Individual training with Fine Line from basics to portfolio"},"content":{"rendered":"<section class=\"l-section wpb_row height_medium\"><div class=\"l-section-h i-cf\"><div class=\"g-cols vc_row via_grid cols_1 laptops-cols_inherit tablets-cols_inherit mobiles-cols_1 valign_top type_default stacking_default\"><div class=\"wpb_column vc_column_container\"><div class=\"vc_column-inner\"><h1 class=\"w-post-elm post_title align_center entry-title color_link_inherit\">Individual training with Fine Line from basics to portfolio<\/h1><div class=\"w-message us_custom_81f2d835 color_green\"><div class=\"w-message-body\"><p>December promotion has ended.<br \/>New training promotions in February \u2013 contact us for details.<\/p>\n<\/div><\/div><div class=\"wpb_text_column\"><div class=\"wpb_wrapper\"><p class=\"p1\">Do you dream of creating tattoos full of precision, subtlety and elegance?<\/p>\n<p class=\"p1\">Fine Line style is one of the most desired directions in tattoo art today &#8211; delicate lines, minimalist forms, aesthetic simplicity and great power of expression. If you want to learn this art from scratch &#8211; this training was created for you. <\/p>\n<\/div><\/div><div class=\"w-separator size_small\"><\/div><div class=\"wpb_text_column\"><div class=\"wpb_wrapper\"><p class=\"p1\">Our 1:1 individual training is conducted by an experienced tattoo artist, who specializes precisely in the <strong>Fine Line<\/strong> style. During two intensive weeks you will learn not only the technique, but also the philosophy of this style &#8211; how to create tattoos that are light, subtle and yet extremely expressive. <\/p>\n<\/div><\/div><div class=\"w-separator size_small\"><\/div><div class=\"wpb_text_column\"><div class=\"wpb_wrapper\"><p class=\"p1\">This is not a \u201cmini tattoo\u201d course &#8211; it is a deep, practical study of the Fine Line style in its pure, professional form.<\/p>\n<\/div><\/div><div class=\"w-separator size_medium\"><\/div><div class=\"wpb_text_column\"><div class=\"wpb_wrapper\"><p class=\"p1\"><strong>Why is it worth it?<\/strong><\/p>\n<ul>\n<li class=\"p1\">Individual 1:1 mentoring &#8211; the mentor focuses solely on you<\/li>\n<li class=\"p1\">100% practice in a tattoo studio &#8211; you learn in a real work environment<\/li>\n<li class=\"p1\">Fine Line style from A to Z &#8211; not only technique, but also aesthetics, design thinking and composition<\/li>\n<li class=\"p1\">Portfolio already after the course &#8211; you will make 5 tattoos on models<\/li>\n<li class=\"p1\">Certificates in 2 languages &#8211; Polish and English<\/li>\n<li class=\"p1\">Possibility of payment in installments \/ cooperation with the Labor Office<\/li>\n<\/ul>\n<\/div><\/div><div class=\"w-separator size_medium\"><\/div><div class=\"wpb_text_column\"><div class=\"wpb_wrapper\"><p class=\"p1\"><strong>DURATION: 60 hours (2 weeks)<br \/>Price: 10000 PLN<\/strong><\/p>\n<p class=\"p1\">Individualized schedule tailored to your time capabilities.<\/p>\n<p class=\"p1\">\ud83d\udccdThe training takes place in the professional studio of <strong>Fineline Tattoo Gallery | Krakow.<\/strong><\/p>\n<\/div><\/div><div class=\"w-separator size_medium\"><\/div><div class=\"wpb_text_column\"><div class=\"wpb_wrapper\"><h2 class=\"p1\" style=\"text-align: center;\">Who is this course for?<\/h2>\n<p class=\"p1\">This course is for you if:<\/p>\n<ul>\n<li class=\"p1\">You are starting from scratch, but want to learn consciously and professionally<\/li>\n<li class=\"p1\">You are committed to mastering the Fine Line style at a professional level<\/li>\n<li class=\"p1\">You see your future in the beauty or art industry<\/li>\n<li class=\"p1\">Looking for specifics, practice and a personalized approach<\/li>\n<\/ul>\n<\/div><\/div><div class=\"w-separator size_medium\"><\/div><div class=\"w-btn-wrapper align_center\"><a class=\"w-btn us-btn-style_1\" rel=\"nofollow\" href=\"https:\/\/finelinetattoo.pl\/en\/contact\/\"><span class=\"w-btn-label\">Contact us<\/span><\/a><\/div><div class=\"w-separator size_medium\"><\/div><h2 class=\"w-text\"><span class=\"w-text-h\"><span class=\"w-text-value\">The first works of our students &#8211; realized during the Fine Line course<\/span><\/span><\/h2><div class=\"w-gallery fit_cover type_metro_4 action_popup_image ratio_1x1 count_7\" style=\"--columns:4;--items-gap:10px;\"><div class=\"w-gallery-list\"><div class=\"w-gallery-item\"><div class=\"w-gallery-item-img\"><img loading=\"lazy\" decoding=\"async\" width=\"1012\" height=\"1024\" src=\"https:\/\/finelinetattoo.pl\/wp-content\/uploads\/2025\/12\/pierwszy-tatuaz-fineline-koliber-szkolenie-tatuazu-1012x1024.jpg\" class=\"attachment-large size-large\" alt=\"Pierwsza praca kursantki wykonana podczas szkolenia tatua\u017cu. Delikatny tatua\u017c fineline przedstawiaj\u0105cy kolibra, zrealizowany w ramach nauki technik tatuowania.\" srcset=\"https:\/\/finelinetattoo.pl\/wp-content\/uploads\/2025\/12\/pierwszy-tatuaz-fineline-koliber-szkolenie-tatuazu-1012x1024.jpg 1012w, https:\/\/finelinetattoo.pl\/wp-content\/uploads\/2025\/12\/pierwszy-tatuaz-fineline-koliber-szkolenie-tatuazu-296x300.jpg 296w\" sizes=\"auto, (max-width: 1012px) 100vw, 1012px\" \/><\/div><a class=\"w-gallery-item-link\" aria-label=\"Pierwsza praca kursantki wykonana podczas szkolenia tatua\u017cu. Delikatny tatua\u017c fineline przedstawiaj\u0105cy kolibra, zrealizowany w ramach nauki technik tatuowania.\" href=\"https:\/\/finelinetattoo.pl\/wp-content\/uploads\/2025\/12\/pierwszy-tatuaz-fineline-koliber-szkolenie-tatuazu-scaled.jpg\"><\/a><\/div><div class=\"w-gallery-item\"><div class=\"w-gallery-item-img\"><img loading=\"lazy\" decoding=\"async\" width=\"768\" height=\"1024\" src=\"https:\/\/finelinetattoo.pl\/wp-content\/uploads\/2025\/12\/pierwszy-tatuaz-fineline-kot-szkolenie-tatuazu-768x1024.jpg\" class=\"attachment-large size-large\" alt=\"Pierwsza praca kursantki wykonana podczas szkolenia tatua\u017cu. Delikatny tatua\u017c fineline z motywem kota, zrealizowany w ramach nauki technik tatuowania.\" srcset=\"https:\/\/finelinetattoo.pl\/wp-content\/uploads\/2025\/12\/pierwszy-tatuaz-fineline-kot-szkolenie-tatuazu-768x1024.jpg 768w, https:\/\/finelinetattoo.pl\/wp-content\/uploads\/2025\/12\/pierwszy-tatuaz-fineline-kot-szkolenie-tatuazu-225x300.jpg 225w, https:\/\/finelinetattoo.pl\/wp-content\/uploads\/2025\/12\/pierwszy-tatuaz-fineline-kot-szkolenie-tatuazu-scaled.jpg 1920w\" sizes=\"auto, (max-width: 768px) 100vw, 768px\" \/><\/div><a class=\"w-gallery-item-link\" aria-label=\"Pierwsza praca kursantki wykonana podczas szkolenia tatua\u017cu. Delikatny tatua\u017c fineline z motywem kota, zrealizowany w ramach nauki technik tatuowania.\" href=\"https:\/\/finelinetattoo.pl\/wp-content\/uploads\/2025\/12\/pierwszy-tatuaz-fineline-kot-szkolenie-tatuazu-scaled.jpg\"><\/a><\/div><div class=\"w-gallery-item\"><div class=\"w-gallery-item-img\"><img loading=\"lazy\" decoding=\"async\" width=\"768\" height=\"1024\" src=\"https:\/\/finelinetattoo.pl\/wp-content\/uploads\/2025\/12\/pierwszy-tatuaz-fineline-motyw-roslinny-szkolenie-tatuazu-768x1024.jpg\" class=\"attachment-large size-large\" alt=\"Pierwsza praca kursantki wykonana podczas szkolenia tatua\u017cu. Delikatny tatua\u017c fineline z motywem ro\u015blinnym i subtelnymi detalami, stworzony w ramach nauki technik tatuowania.\" srcset=\"https:\/\/finelinetattoo.pl\/wp-content\/uploads\/2025\/12\/pierwszy-tatuaz-fineline-motyw-roslinny-szkolenie-tatuazu-768x1024.jpg 768w, https:\/\/finelinetattoo.pl\/wp-content\/uploads\/2025\/12\/pierwszy-tatuaz-fineline-motyw-roslinny-szkolenie-tatuazu-225x300.jpg 225w, https:\/\/finelinetattoo.pl\/wp-content\/uploads\/2025\/12\/pierwszy-tatuaz-fineline-motyw-roslinny-szkolenie-tatuazu-scaled.jpg 1920w\" sizes=\"auto, (max-width: 768px) 100vw, 768px\" \/><\/div><a class=\"w-gallery-item-link\" aria-label=\"Pierwsza praca kursantki wykonana podczas szkolenia tatua\u017cu. Delikatny tatua\u017c fineline z motywem ro\u015blinnym i subtelnymi detalami, stworzony w ramach nauki technik tatuowania.\" href=\"https:\/\/finelinetattoo.pl\/wp-content\/uploads\/2025\/12\/pierwszy-tatuaz-fineline-motyw-roslinny-szkolenie-tatuazu-scaled.jpg\"><\/a><\/div><div class=\"w-gallery-item\"><div class=\"w-gallery-item-img\"><img loading=\"lazy\" decoding=\"async\" width=\"768\" height=\"1024\" src=\"https:\/\/finelinetattoo.pl\/wp-content\/uploads\/2025\/06\/szkolenie-fineline-flower-abstract-2-768x1024.jpg\" class=\"attachment-large size-large\" alt=\"\" srcset=\"https:\/\/finelinetattoo.pl\/wp-content\/uploads\/2025\/06\/szkolenie-fineline-flower-abstract-2-768x1024.jpg 768w, https:\/\/finelinetattoo.pl\/wp-content\/uploads\/2025\/06\/szkolenie-fineline-flower-abstract-2-225x300.jpg 225w, https:\/\/finelinetattoo.pl\/wp-content\/uploads\/2025\/06\/szkolenie-fineline-flower-abstract-2-scaled.jpg 1920w\" sizes=\"auto, (max-width: 768px) 100vw, 768px\" \/><\/div><a class=\"w-gallery-item-link\" aria-label=\"szkolenie-fineline-flower-abstract-2\" href=\"https:\/\/finelinetattoo.pl\/wp-content\/uploads\/2025\/06\/szkolenie-fineline-flower-abstract-2-scaled.jpg\"><\/a><\/div><div class=\"w-gallery-item\"><div class=\"w-gallery-item-img\"><img loading=\"lazy\" decoding=\"async\" width=\"768\" height=\"1024\" src=\"https:\/\/finelinetattoo.pl\/wp-content\/uploads\/2025\/06\/szkolenie-fineline-flower-abstract-1-768x1024.jpg\" class=\"attachment-large size-large\" alt=\"\" srcset=\"https:\/\/finelinetattoo.pl\/wp-content\/uploads\/2025\/06\/szkolenie-fineline-flower-abstract-1-768x1024.jpg 768w, https:\/\/finelinetattoo.pl\/wp-content\/uploads\/2025\/06\/szkolenie-fineline-flower-abstract-1-225x300.jpg 225w, https:\/\/finelinetattoo.pl\/wp-content\/uploads\/2025\/06\/szkolenie-fineline-flower-abstract-1-scaled.jpg 1920w\" sizes=\"auto, (max-width: 768px) 100vw, 768px\" \/><\/div><a class=\"w-gallery-item-link\" aria-label=\"szkolenie-fineline-flower-abstract-1\" href=\"https:\/\/finelinetattoo.pl\/wp-content\/uploads\/2025\/06\/szkolenie-fineline-flower-abstract-1-scaled.jpg\"><\/a><\/div><div class=\"w-gallery-item\"><div class=\"w-gallery-item-img\"><img loading=\"lazy\" decoding=\"async\" width=\"768\" height=\"1024\" src=\"https:\/\/finelinetattoo.pl\/wp-content\/uploads\/2025\/06\/szkolenie-fineline-1-768x1024.jpg\" class=\"attachment-large size-large\" alt=\"\" srcset=\"https:\/\/finelinetattoo.pl\/wp-content\/uploads\/2025\/06\/szkolenie-fineline-1-768x1024.jpg 768w, https:\/\/finelinetattoo.pl\/wp-content\/uploads\/2025\/06\/szkolenie-fineline-1-225x300.jpg 225w, https:\/\/finelinetattoo.pl\/wp-content\/uploads\/2025\/06\/szkolenie-fineline-1-scaled.jpg 1920w\" sizes=\"auto, (max-width: 768px) 100vw, 768px\" \/><\/div><a class=\"w-gallery-item-link\" aria-label=\"szkolenie-fineline-1\" href=\"https:\/\/finelinetattoo.pl\/wp-content\/uploads\/2025\/06\/szkolenie-fineline-1-scaled.jpg\"><\/a><\/div><div class=\"w-gallery-item\"><div class=\"w-gallery-item-img\"><img loading=\"lazy\" decoding=\"async\" width=\"768\" height=\"1024\" src=\"https:\/\/finelinetattoo.pl\/wp-content\/uploads\/2025\/06\/szkolenie-fineline-2-768x1024.jpg\" class=\"attachment-large size-large\" alt=\"\" srcset=\"https:\/\/finelinetattoo.pl\/wp-content\/uploads\/2025\/06\/szkolenie-fineline-2-768x1024.jpg 768w, https:\/\/finelinetattoo.pl\/wp-content\/uploads\/2025\/06\/szkolenie-fineline-2-225x300.jpg 225w, https:\/\/finelinetattoo.pl\/wp-content\/uploads\/2025\/06\/szkolenie-fineline-2-scaled.jpg 1920w\" sizes=\"auto, (max-width: 768px) 100vw, 768px\" \/><\/div><a class=\"w-gallery-item-link\" aria-label=\"szkolenie-fineline-2\" href=\"https:\/\/finelinetattoo.pl\/wp-content\/uploads\/2025\/06\/szkolenie-fineline-2-scaled.jpg\"><\/a><\/div><\/div><\/div><div class=\"w-separator size_small with_line width_default thick_1 style_solid color_border align_center\"><div class=\"w-separator-h\"><\/div><\/div><\/div><\/div><\/div><\/div><\/section>\n","protected":false},"excerpt":{"rendered":"","protected":false},"author":1,"featured_media":0,"parent":0,"menu_order":0,"comment_status":"closed","ping_status":"closed","template":"","meta":{"_acf_changed":false,"footnotes":""},"class_list":["post-1443","page","type-page","status-publish","hentry"],"acf":[],"_links":{"self":[{"href":"https:\/\/finelinetattoo.pl\/en\/wp-json\/wp\/v2\/pages\/1443","targetHints":{"allow":["GET"]}}],"collection":[{"href":"https:\/\/finelinetattoo.pl\/en\/wp-json\/wp\/v2\/pages"}],"about":[{"href":"https:\/\/finelinetattoo.pl\/en\/wp-json\/wp\/v2\/types\/page"}],"author":[{"embeddable":true,"href":"https:\/\/finelinetattoo.pl\/en\/wp-json\/wp\/v2\/users\/1"}],"replies":[{"embeddable":true,"href":"https:\/\/finelinetattoo.pl\/en\/wp-json\/wp\/v2\/comments?post=1443"}],"version-history":[{"count":10,"href":"https:\/\/finelinetattoo.pl\/en\/wp-json\/wp\/v2\/pages\/1443\/revisions"}],"predecessor-version":[{"id":2006,"href":"https:\/\/finelinetattoo.pl\/en\/wp-json\/wp\/v2\/pages\/1443\/revisions\/2006"}],"wp:attachment":[{"href":"https:\/\/finelinetattoo.pl\/en\/wp-json\/wp\/v2\/media?parent=1443"}],"curies":[{"name":"wp","href":"https:\/\/api.w.org\/{rel}","templated":true}]}}