{"id":1402,"date":"2025-06-02T16:30:39","date_gmt":"2025-06-02T14:30:39","guid":{"rendered":"https:\/\/finelinetattoo.pl\/?page_id=1402"},"modified":"2025-12-20T14:59:51","modified_gmt":"2025-12-20T13:59:51","slug":"mini-tattoo-training-from-scratch","status":"publish","type":"page","link":"https:\/\/finelinetattoo.pl\/en\/mini-tattoo-training-from-scratch\/","title":{"rendered":"Mini Tattoo &#8211; training from scratch"},"content":{"rendered":"<section class=\"l-section wpb_row height_medium\"><div class=\"l-section-h i-cf\"><div class=\"g-cols vc_row via_grid cols_1 laptops-cols_inherit tablets-cols_inherit mobiles-cols_1 valign_top type_default stacking_default\"><div class=\"wpb_column vc_column_container\"><div class=\"vc_column-inner\"><h1 class=\"w-post-elm post_title align_center entry-title color_link_inherit\">Mini Tattoo &#8211; training from scratch<\/h1><div class=\"w-message us_custom_81f2d835 color_green\"><div class=\"w-message-body\"><p>December promotion has ended.<br \/>New training promotions in February \u2013 contact us for details.<\/p>\n<\/div><\/div><div class=\"wpb_text_column\"><div class=\"wpb_wrapper\"><p class=\"p1\">Mini Tattoo from scratch is an intensive course designed for people who want to try their hand at the world of tattooing with no prior experience.<\/p>\n<p class=\"p1\">Focused on practice and micro-projects (1-5 cm), this course will get you started on your tattooing adventure quickly and safely.<\/p>\n<p class=\"p1\">Under the guidance of an experienced tattoo artist, you will learn how to get your first tattoo, prepare your workstation, master the basics of hygiene and create aesthetically pleasing mini designs.<\/p>\n<\/div><\/div><div class=\"w-separator size_small\"><\/div><div class=\"wpb_text_column\"><div class=\"wpb_wrapper\"><p class=\"p1\"><strong>Why is it worth it?<\/strong><\/p>\n<ul class=\"ul1\">\n<li class=\"li1\">Ideal course for complete beginners<\/li>\n<li class=\"li1\">Intensive practice on artificial and real skin<\/li>\n<li class=\"li1\">Introduction to client work and portfolio development<\/li>\n<li class=\"li1\">An intimate, safe and supportive atmosphere<\/li>\n<\/ul>\n<p>*You will get a minimum of 2 tattoos on your first models<br \/>*There is an opportunity to learn in a pair.<\/p>\n<\/div><\/div><div class=\"w-separator size_medium\"><\/div><div class=\"wpb_text_column\"><div class=\"wpb_wrapper\"><p class=\"p1\">Course program:<\/p>\n<p> \u25ab\ufe0f Hygiene \u0456 Health and Safety:<br \/>Safety rules, preparation and disinfection of the workplace, waste disposal.<\/p>\n<p class=\"p1\"> \u25ab\ufe0f Equipment and materials:<br \/>Discuss needles, razors, inks and accessories for mini tattoo.<\/p>\n<p class=\"p1\"> \u25ab\ufe0f Mini design:<br \/>Letters, signs, symbols &#8211; how to design a small tattoo aesthetically and legibly.<\/p>\n<p class=\"p1\"> \u25ab\ufe0f Line leading technique:<br \/>Exercises on artificial skin &#8211; working with a thin needle, hand control, pace of work.<\/p>\n<p class=\"p1\"> \u25ab\ufe0f Working with a model:<br \/>Implementation of a mini project on living skin under the supervision of the instructor.<\/p>\n<p class=\"p1\"> \u25ab\ufe0f Summary and portfolio:<br \/>Photos of work, discussion of progress, recommendations, certificate.<\/p>\n<\/div><\/div><div class=\"w-separator size_medium\"><\/div><div class=\"wpb_text_column\"><div class=\"wpb_wrapper\"><p class=\"p1\">Duration: 30 hours<\/p>\n<p class=\"p1\">Price: 5500 PLN<\/p>\n<p class=\"p1\">Location: Fineline Tattoo Gallery, Krakow<\/p>\n<p class=\"p1\">Certificate of completion in Polish and English<\/p>\n<\/div><\/div><div class=\"w-separator size_medium\"><\/div><div class=\"wpb_text_column\"><div class=\"wpb_wrapper\"><p class=\"p1\">This course is the perfect first step &#8211; not only do you learn the technique, but you discover if tattooing is your path.<\/p>\n<\/div><\/div><div class=\"w-separator size_medium\"><\/div><div class=\"w-btn-wrapper align_center\"><a class=\"w-btn us-btn-style_1\" rel=\"nofollow\" href=\"https:\/\/finelinetattoo.pl\/en\/contact\/\"><span class=\"w-btn-label\">Contact us<\/span><\/a><\/div><div class=\"w-separator size_medium\"><\/div><h2 class=\"w-text\"><span class=\"w-text-h\"><span class=\"w-text-value\">The first works of our students &#8211; realized during the Mini Tattoo course<\/span><\/span><\/h2><div class=\"w-gallery fit_cover type_mosaic_hor action_popup_image ratio_1x1 count_3\" style=\"--columns:4;--items-gap:10px;--items-height:23cqw;\"><div class=\"w-gallery-list\"><div class=\"w-gallery-item\"><div class=\"w-gallery-item-img\"><img loading=\"lazy\" decoding=\"async\" width=\"683\" height=\"1024\" src=\"https:\/\/finelinetattoo.pl\/wp-content\/uploads\/2025\/11\/mini-tattoo-kroliki-fine-line-szkolenia-683x1024.jpg\" class=\"attachment-large size-large\" alt=\"Subtelny tatua\u017c dw\u00f3ch kr\u00f3lik\u00f3w w stylu fine line wykonany przez kursantk\u0119 podczas szkolenia Mini Tattoo w Fineline Tattoo Gallery. Idealny przyk\u0142ad nauki delikatnych i minimalistycznych tatua\u017cy.\" srcset=\"https:\/\/finelinetattoo.pl\/wp-content\/uploads\/2025\/11\/mini-tattoo-kroliki-fine-line-szkolenia-683x1024.jpg 683w, https:\/\/finelinetattoo.pl\/wp-content\/uploads\/2025\/11\/mini-tattoo-kroliki-fine-line-szkolenia-200x300.jpg 200w, https:\/\/finelinetattoo.pl\/wp-content\/uploads\/2025\/11\/mini-tattoo-kroliki-fine-line-szkolenia-scaled.jpg 1708w\" sizes=\"auto, (max-width: 683px) 100vw, 683px\" \/><\/div><a class=\"w-gallery-item-link\" aria-label=\"Subtelny tatua\u017c dw\u00f3ch kr\u00f3lik\u00f3w w stylu fine line wykonany przez kursantk\u0119 podczas szkolenia Mini Tattoo w Fineline Tattoo Gallery. Idealny przyk\u0142ad nauki delikatnych i minimalistycznych tatua\u017cy.\" href=\"https:\/\/finelinetattoo.pl\/wp-content\/uploads\/2025\/11\/mini-tattoo-kroliki-fine-line-szkolenia-scaled.jpg\"><\/a><\/div><div class=\"w-gallery-item\"><div class=\"w-gallery-item-img\"><img loading=\"lazy\" decoding=\"async\" width=\"683\" height=\"1024\" src=\"https:\/\/finelinetattoo.pl\/wp-content\/uploads\/2025\/11\/mini-tattoo-training-sun-design-683x1024.jpg\" class=\"attachment-large size-large\" alt=\"Delikatny tatua\u017c s\u0142o\u0144ca wykonany podczas szkolenia Mini Tattoo \u2014 minimalistyczny wz\u00f3r \u0107wiczony przez pocz\u0105tkuj\u0105c\u0105 kursantk\u0119 w trakcie praktycznej cz\u0119\u015bci warsztat\u00f3w.\" srcset=\"https:\/\/finelinetattoo.pl\/wp-content\/uploads\/2025\/11\/mini-tattoo-training-sun-design-683x1024.jpg 683w, https:\/\/finelinetattoo.pl\/wp-content\/uploads\/2025\/11\/mini-tattoo-training-sun-design-200x300.jpg 200w, https:\/\/finelinetattoo.pl\/wp-content\/uploads\/2025\/11\/mini-tattoo-training-sun-design-scaled.jpg 1708w\" sizes=\"auto, (max-width: 683px) 100vw, 683px\" \/><\/div><a class=\"w-gallery-item-link\" aria-label=\"Delikatny tatua\u017c s\u0142o\u0144ca wykonany podczas szkolenia Mini Tattoo \u2014 minimalistyczny wz\u00f3r \u0107wiczony przez pocz\u0105tkuj\u0105c\u0105 kursantk\u0119 w trakcie praktycznej cz\u0119\u015bci warsztat\u00f3w.\" href=\"https:\/\/finelinetattoo.pl\/wp-content\/uploads\/2025\/11\/mini-tattoo-training-sun-design-scaled.jpg\"><\/a><\/div><div class=\"w-gallery-item\"><div class=\"w-gallery-item-img\"><img loading=\"lazy\" decoding=\"async\" width=\"683\" height=\"1024\" src=\"https:\/\/finelinetattoo.pl\/wp-content\/uploads\/2025\/12\/pierwszy-tatuaz-fineline-mis-szkolenie-tatuazu-683x1024.jpg\" class=\"attachment-large size-large\" alt=\"Pierwsza praca kursantki wykonana podczas szkolenia tatua\u017cu. Delikatny tatua\u017c fineline z motywem misia, zrealizowany w ramach nauki podstaw tatuowania.\" srcset=\"https:\/\/finelinetattoo.pl\/wp-content\/uploads\/2025\/12\/pierwszy-tatuaz-fineline-mis-szkolenie-tatuazu-683x1024.jpg 683w, https:\/\/finelinetattoo.pl\/wp-content\/uploads\/2025\/12\/pierwszy-tatuaz-fineline-mis-szkolenie-tatuazu-200x300.jpg 200w, https:\/\/finelinetattoo.pl\/wp-content\/uploads\/2025\/12\/pierwszy-tatuaz-fineline-mis-szkolenie-tatuazu-scaled.jpg 1708w\" sizes=\"auto, (max-width: 683px) 100vw, 683px\" \/><\/div><a class=\"w-gallery-item-link\" aria-label=\"Pierwsza praca kursantki wykonana podczas szkolenia tatua\u017cu. Delikatny tatua\u017c fineline z motywem misia, zrealizowany w ramach nauki podstaw tatuowania.\" href=\"https:\/\/finelinetattoo.pl\/wp-content\/uploads\/2025\/12\/pierwszy-tatuaz-fineline-mis-szkolenie-tatuazu-scaled.jpg\"><\/a><\/div><\/div><\/div><div class=\"w-separator size_small with_line width_default thick_1 style_solid color_border align_center\"><div class=\"w-separator-h\"><\/div><\/div><\/div><\/div><\/div><\/div><\/section>\n","protected":false},"excerpt":{"rendered":"","protected":false},"author":1,"featured_media":0,"parent":0,"menu_order":0,"comment_status":"closed","ping_status":"closed","template":"","meta":{"_acf_changed":false,"footnotes":""},"class_list":["post-1402","page","type-page","status-publish","hentry"],"acf":[],"_links":{"self":[{"href":"https:\/\/finelinetattoo.pl\/en\/wp-json\/wp\/v2\/pages\/1402","targetHints":{"allow":["GET"]}}],"collection":[{"href":"https:\/\/finelinetattoo.pl\/en\/wp-json\/wp\/v2\/pages"}],"about":[{"href":"https:\/\/finelinetattoo.pl\/en\/wp-json\/wp\/v2\/types\/page"}],"author":[{"embeddable":true,"href":"https:\/\/finelinetattoo.pl\/en\/wp-json\/wp\/v2\/users\/1"}],"replies":[{"embeddable":true,"href":"https:\/\/finelinetattoo.pl\/en\/wp-json\/wp\/v2\/comments?post=1402"}],"version-history":[{"count":15,"href":"https:\/\/finelinetattoo.pl\/en\/wp-json\/wp\/v2\/pages\/1402\/revisions"}],"predecessor-version":[{"id":2009,"href":"https:\/\/finelinetattoo.pl\/en\/wp-json\/wp\/v2\/pages\/1402\/revisions\/2009"}],"wp:attachment":[{"href":"https:\/\/finelinetattoo.pl\/en\/wp-json\/wp\/v2\/media?parent=1402"}],"curies":[{"name":"wp","href":"https:\/\/api.w.org\/{rel}","templated":true}]}}