{"id":1060,"date":"2025-03-13T22:55:02","date_gmt":"2025-03-13T21:55:02","guid":{"rendered":"http:\/\/fineline.local\/vouchers\/"},"modified":"2026-02-22T02:23:07","modified_gmt":"2026-02-22T01:23:07","slug":"vouchers","status":"publish","type":"page","link":"https:\/\/finelinetattoo.pl\/en\/vouchers\/","title":{"rendered":"Vouchers"},"content":{"rendered":"<section class=\"l-section wpb_row height_medium\"><div class=\"l-section-h i-cf\"><div class=\"g-cols vc_row via_grid cols_1 laptops-cols_inherit tablets-cols_inherit mobiles-cols_1 valign_top type_default stacking_default\"><div class=\"wpb_column vc_column_container\"><div class=\"vc_column-inner\"><h1 class=\"w-text us_custom_9b78f73f\"><span class=\"w-text-h\"><span class=\"w-text-value\">Tattoo voucher &#8211; a unique gift<\/span><\/span><\/h1><div class=\"wpb_text_column us_custom_564f2222\"><div class=\"wpb_wrapper\"><p data-start=\"48\" data-end=\"279\">Looking for an original gift? Give your loved one <strong data-start=\"103\" data-end=\"124\">a tatto voucher<\/strong> for our studio! It&#8217;s the perfect way to make the dream of a unique tattoo come true and give the recipient the opportunity to choose a design tailored to their style.<\/p>\n<p data-start=\"281\" data-end=\"680\">The voucher can be used for any tattoo in our studio &#8211; from delicate <strong data-start=\"373\" data-end=\"385\">fineline<\/strong> designs to larger, more complex projects. You can choose any amount, allowing you to fit the voucher into your budget. The recipient can redeem it at a convenient time, and our team of professional tattoo artists will ensure top-quality execution and comfort during the session.<\/p>\n<\/div><\/div><\/div><\/div><\/div><\/div><\/section><section class=\"l-section wpb_row height_medium\"><div class=\"l-section-h i-cf\"><div class=\"g-cols vc_row via_grid cols_1 laptops-cols_inherit tablets-cols_inherit mobiles-cols_1 valign_top type_default stacking_default\"><div class=\"wpb_column vc_column_container\"><div class=\"vc_column-inner\"><div class=\"w-gallery portfolio-gallery fit_cover type_grid action_popup_image ratio_1x1 count_4\" style=\"--columns:4;--items-gap:10px;\"><div class=\"w-gallery-list\"><div class=\"w-gallery-item\"><div class=\"w-gallery-item-img\"><img loading=\"lazy\" decoding=\"async\" width=\"1024\" height=\"833\" src=\"https:\/\/finelinetattoo.pl\/wp-content\/uploads\/2025\/11\/voucher-na-tatuaz-fineline-tattoo-gallery-1024x833.jpg\" class=\"attachment-large size-large\" alt=\"Podaruj voucher na tatua\u017c w Fineline Tattoo Gallery. Delikatne tatua\u017ce fine line i microrealizm w wykonaniu Lory. Idealny, personalny prezent w eleganckim opakowaniu.\" srcset=\"https:\/\/finelinetattoo.pl\/wp-content\/uploads\/2025\/11\/voucher-na-tatuaz-fineline-tattoo-gallery-1024x833.jpg 1024w, https:\/\/finelinetattoo.pl\/wp-content\/uploads\/2025\/11\/voucher-na-tatuaz-fineline-tattoo-gallery-300x244.jpg 300w\" sizes=\"auto, (max-width: 1024px) 100vw, 1024px\" \/><\/div><a class=\"w-gallery-item-link\" aria-label=\"Podaruj voucher na tatua\u017c w Fineline Tattoo Gallery. Delikatne tatua\u017ce fine line i microrealizm w wykonaniu Lory. Idealny, personalny prezent w eleganckim opakowaniu.\" href=\"https:\/\/finelinetattoo.pl\/wp-content\/uploads\/2025\/11\/voucher-na-tatuaz-fineline-tattoo-gallery-scaled.jpg\"><\/a><\/div><div class=\"w-gallery-item\"><div class=\"w-gallery-item-img\"><img loading=\"lazy\" decoding=\"async\" width=\"1024\" height=\"683\" src=\"https:\/\/finelinetattoo.pl\/wp-content\/uploads\/2025\/05\/voucher-na-tatuaz-fineline-tattoo-gallery-krakow-1024x683.jpg\" class=\"attachment-large size-large\" alt=\"Voucher na tatua\u017c w Fineline Tattoo Gallery w Krakowie \u2013 elegancki pomys\u0142 na prezent, dost\u0119pny na dowoln\u0105 kwot\u0119, do wykorzystania na tatua\u017c w wybranym stylu.\" srcset=\"https:\/\/finelinetattoo.pl\/wp-content\/uploads\/2025\/05\/voucher-na-tatuaz-fineline-tattoo-gallery-krakow-1024x683.jpg 1024w, https:\/\/finelinetattoo.pl\/wp-content\/uploads\/2025\/05\/voucher-na-tatuaz-fineline-tattoo-gallery-krakow-300x200.jpg 300w\" sizes=\"auto, (max-width: 1024px) 100vw, 1024px\" \/><\/div><a class=\"w-gallery-item-link\" aria-label=\"Voucher na tatua\u017c w Fineline Tattoo Gallery w Krakowie \u2013 elegancki pomys\u0142 na prezent, dost\u0119pny na dowoln\u0105 kwot\u0119, do wykorzystania na tatua\u017c w wybranym stylu.\" href=\"https:\/\/finelinetattoo.pl\/wp-content\/uploads\/2025\/05\/voucher-na-tatuaz-fineline-tattoo-gallery-krakow-scaled.jpg\"><\/a><\/div><div class=\"w-gallery-item\"><div class=\"w-gallery-item-img\"><img loading=\"lazy\" decoding=\"async\" width=\"1024\" height=\"683\" src=\"https:\/\/finelinetattoo.pl\/wp-content\/uploads\/2025\/05\/voucher-prezentowy-na-tatuaz-fineline-tattoo-gallery-krakow-1024x683.jpg\" class=\"attachment-large size-large\" alt=\"Elegancko zapakowany voucher na tatua\u017c z Fineline Tattoo Gallery w Krakowie \u2014 idealny pomys\u0142 na prezent na ka\u017cd\u0105 okazj\u0119, dost\u0119pny na dowoln\u0105 kwot\u0119.\" srcset=\"https:\/\/finelinetattoo.pl\/wp-content\/uploads\/2025\/05\/voucher-prezentowy-na-tatuaz-fineline-tattoo-gallery-krakow-1024x683.jpg 1024w, https:\/\/finelinetattoo.pl\/wp-content\/uploads\/2025\/05\/voucher-prezentowy-na-tatuaz-fineline-tattoo-gallery-krakow-300x200.jpg 300w\" sizes=\"auto, (max-width: 1024px) 100vw, 1024px\" \/><\/div><a class=\"w-gallery-item-link\" aria-label=\"Elegancko zapakowany voucher na tatua\u017c z Fineline Tattoo Gallery w Krakowie \u2014 idealny pomys\u0142 na prezent na ka\u017cd\u0105 okazj\u0119, dost\u0119pny na dowoln\u0105 kwot\u0119.\" href=\"https:\/\/finelinetattoo.pl\/wp-content\/uploads\/2025\/05\/voucher-prezentowy-na-tatuaz-fineline-tattoo-gallery-krakow-scaled.jpg\"><\/a><\/div><div class=\"w-gallery-item\"><div class=\"w-gallery-item-img\"><img loading=\"lazy\" decoding=\"async\" width=\"1024\" height=\"683\" src=\"https:\/\/finelinetattoo.pl\/wp-content\/uploads\/2025\/05\/voucher-na-tatuaz-z-pielegnacja-fineline-tattoo-gallery-krakow-1024x683.jpg\" class=\"attachment-large size-large\" alt=\"Voucher na tatua\u017c z Fineline Tattoo Gallery w Krakowie \u2014 elegancki prezent z dodatkowymi produktami do piel\u0119gnacji tatua\u017cu. Idealny upominek dla mi\u0142o\u015bnik\u00f3w sztuki tatua\u017cu.\" srcset=\"https:\/\/finelinetattoo.pl\/wp-content\/uploads\/2025\/05\/voucher-na-tatuaz-z-pielegnacja-fineline-tattoo-gallery-krakow-1024x683.jpg 1024w, https:\/\/finelinetattoo.pl\/wp-content\/uploads\/2025\/05\/voucher-na-tatuaz-z-pielegnacja-fineline-tattoo-gallery-krakow-300x200.jpg 300w\" sizes=\"auto, (max-width: 1024px) 100vw, 1024px\" \/><\/div><a class=\"w-gallery-item-link\" aria-label=\"Voucher na tatua\u017c z Fineline Tattoo Gallery w Krakowie \u2014 elegancki prezent z dodatkowymi produktami do piel\u0119gnacji tatua\u017cu. Idealny upominek dla mi\u0142o\u015bnik\u00f3w sztuki tatua\u017cu.\" href=\"https:\/\/finelinetattoo.pl\/wp-content\/uploads\/2025\/05\/voucher-na-tatuaz-z-pielegnacja-fineline-tattoo-gallery-krakow-scaled.jpg\"><\/a><\/div><\/div><\/div><\/div><\/div><\/div><\/div><\/section><section class=\"l-section wpb_row height_medium\"><div class=\"l-section-h i-cf\"><div class=\"g-cols vc_row via_grid cols_1 laptops-cols_inherit tablets-cols_inherit mobiles-cols_1 valign_top type_default stacking_default\"><div class=\"wpb_column vc_column_container\"><div class=\"vc_column-inner\"><div class=\"wpb_text_column us_custom_564f2222\"><div class=\"wpb_wrapper\"><p data-start=\"48\" data-end=\"279\">If you&#8217;d like to make it an even bigger surprise, we can send the voucher directly to the recipient \u2013 elegantly packaged to instantly bring a smile to their face.<\/p>\n<p data-start=\"48\" data-end=\"279\"><span>Fill out the form or message us on <\/span><a href=\"https:\/\/www.instagram.com\/finelinetattoogallery\/\" target=\"_blank\" rel=\"nofollow noopener\">Instagram<\/a><span>, and we will get back to you as soon as possible.<\/span><\/p>\n<\/div><\/div><\/div><\/div><\/div><\/div><\/section><section class=\"l-section wpb_row height_medium\"><div class=\"l-section-h i-cf\"><div class=\"g-cols vc_row via_grid cols_1 laptops-cols_inherit tablets-cols_inherit mobiles-cols_1 valign_top type_default stacking_default\"><div class=\"wpb_column vc_column_container\"><div class=\"vc_column-inner\"><div class=\"w-vwrapper us_custom_69fc39f9 align_none valign_top\"><div class=\"wpb_text_column\"><div class=\"wpb_wrapper\"><div class=\"forminator-ui forminator-custom-form forminator-custom-form-269 forminator-design--material  forminator_ajax\" data-forminator-render=\"0\" data-form=\"forminator-module-269\" data-uid=\"69fe365e7dc70\"><br\/><\/div><form\n\t\t\t\tid=\"forminator-module-269\"\n\t\t\t\tclass=\"forminator-ui forminator-custom-form forminator-custom-form-269 forminator-design--material  forminator_ajax\"\n\t\t\t\tmethod=\"post\"\n\t\t\t\tdata-forminator-render=\"0\"\n\t\t\t\tdata-form-id=\"269\"\n\t\t\t\t data-color-option=\"theme\" data-design=\"material\" data-grid=\"open\" style=\"display: none;\"\n\t\t\t\tdata-uid=\"69fe365e7dc70\"\n\t\t\t><div role=\"alert\" aria-live=\"polite\" class=\"forminator-response-message forminator-error\" aria-hidden=\"true\"><\/div><div class=\"forminator-row\"><div id=\"name-1\" class=\"forminator-field-name forminator-col forminator-col-12 \"><div class=\"forminator-row forminator-no-margin\" data-multiple=\"true\"><div class=\"forminator-col forminator-col-md-6\"><div class=\"forminator-field\"><label for=\"forminator-field-first-name-1_69fe365e7dc70\" id=\"forminator-field-first-name-1_69fe365e7dc70-label\" class=\"forminator-label\">Imi\u0119 <span class=\"forminator-required\">*<\/span><\/label><input type=\"text\" name=\"name-1-first-name\" placeholder=\"\" id=\"forminator-field-first-name-1_69fe365e7dc70\" class=\"forminator-input\" aria-required=\"true\" data-multi=\"1\" autocomplete=\"given-name\" value=\"\" \/><\/div><\/div><div class=\"forminator-col forminator-col-md-6\"><div class=\"forminator-field\"><label for=\"forminator-field-last-name-1_69fe365e7dc70\" id=\"forminator-field-last-name-1_69fe365e7dc70-label\" class=\"forminator-label\">Nazwisko<\/label><input type=\"text\" name=\"name-1-last-name\" placeholder=\"\" id=\"forminator-field-last-name-1_69fe365e7dc70\" class=\"forminator-input\" aria-required=\"false\" data-multi=\"1\" autocomplete=\"family-name\" value=\"\" \/><\/div><\/div><\/div><\/div><\/div><div class=\"forminator-row\"><div id=\"email-1\" class=\"forminator-field-email forminator-col forminator-col-12 \"><div class=\"forminator-field\"><label for=\"forminator-field-email-1_69fe365e7dc70\" id=\"forminator-field-email-1_69fe365e7dc70-label\" class=\"forminator-label\">Adres Email <span class=\"forminator-required\">*<\/span><\/label><input type=\"email\" name=\"email-1\" value=\"\" placeholder=\"\" id=\"forminator-field-email-1_69fe365e7dc70\" class=\"forminator-input forminator-email--field\" data-required=\"1\" aria-required=\"true\" autocomplete=\"email\" \/><\/div><\/div><\/div><div class=\"forminator-row\"><div id=\"phone-1\" class=\"forminator-field-phone forminator-col forminator-col-12 \"><div class=\"forminator-field\"><label for=\"forminator-field-phone-1_69fe365e7dc70\" id=\"forminator-field-phone-1_69fe365e7dc70-label\" class=\"forminator-label\">Numer telefonu <span class=\"forminator-required\">*<\/span><\/label><input type=\"text\" name=\"phone-1\" value=\"\" placeholder=\"\" id=\"forminator-field-phone-1_69fe365e7dc70\" class=\"forminator-input forminator-field--phone\" data-required=\"1\" aria-required=\"true\" autocomplete=\"off\" data-national_mode=\"disabled\" data-country=\"pl\" data-validation=\"international\" \/><\/div><\/div><\/div><div class=\"forminator-row\"><div id=\"number-1\" class=\"forminator-field-number forminator-col forminator-col-12 \"><div class=\"forminator-field\"><label for=\"forminator-field-number-1_69fe365e7dc70\" id=\"forminator-field-number-1_69fe365e7dc70-label\" class=\"forminator-label\">Warto\u015b\u0107 vouchera (z\u0142) <span class=\"forminator-required\">*<\/span><\/label><input name=\"number-1\" value=\"\" placeholder=\"\" id=\"forminator-field-number-1_69fe365e7dc70\" class=\"forminator-input forminator-number--field\" inputmode=\"decimal\" data-required=\"1\" data-decimals=\"0\" aria-required=\"true\" data-inputmask=\"&#039;groupSeparator&#039;: &#039;&#039;, &#039;radixPoint&#039;: &#039;&#039;, &#039;digits&#039;: &#039;0&#039;\" data-hidden-behavior=\"zero\" type=\"number\" step=\"any\" min=\"350\" max=\"2000\" \/><\/div><\/div><\/div><div class=\"forminator-row\"><div id=\"name-2\" class=\"forminator-field-name forminator-col forminator-col-12 \"><div class=\"forminator-field\"><label for=\"forminator-field-name-2_69fe365e7dc70\" id=\"forminator-field-name-2_69fe365e7dc70-label\" class=\"forminator-label\">Dla kogo (imi\u0119 i nazwisko) <span class=\"forminator-required\">*<\/span><\/label><input type=\"text\" name=\"name-2\" value=\"\" placeholder=\"\" id=\"forminator-field-name-2_69fe365e7dc70\" class=\"forminator-input forminator-name--field\" aria-required=\"true\" autocomplete=\"name\" \/><\/div><\/div><\/div><div class=\"forminator-row\"><div id=\"textarea-1\" class=\"forminator-field-textarea forminator-col forminator-col-12 \"><div class=\"forminator-field\"><label for=\"forminator-field-textarea-1_69fe365e7dc70\" id=\"forminator-field-textarea-1_69fe365e7dc70-label\" class=\"forminator-label\">Wiadomo\u015b\u0107, pytanie, dodatkowe informacje<\/label><textarea name=\"textarea-1\" placeholder=\"\" id=\"forminator-field-textarea-1_69fe365e7dc70\" class=\"forminator-textarea\" rows=\"6\" style=\"--forminator-textarea-min-height:140px;\" ><\/textarea><\/div><\/div><\/div><div class=\"forminator-row\"><div id=\"radio-1\" class=\"forminator-field-radio forminator-col forminator-col-12 \"><div role=\"radiogroup\" class=\"forminator-field\" aria-labelledby=\"forminator-radiogroup-radio-1-69fe365e7dc70-label\"><span id=\"forminator-radiogroup-radio-1-69fe365e7dc70-label\" class=\"forminator-label\">Spos\u00f3b dostawy <span class=\"forminator-required\">*<\/span><\/span><label id=\"forminator-field-radio-1-label-1\" for=\"forminator-field-radio-1-1-69fe365e7dc70\" class=\"forminator-radio forminator-radio-inline\" title=\"Odbi\u00f3r osobisty\"><input type=\"radio\" name=\"radio-1\" value=\"one\" id=\"forminator-field-radio-1-1-69fe365e7dc70\" aria-labelledby=\"forminator-field-radio-1-label-1\" data-calculation=\"0\" checked=\"checked\"  data-hidden-behavior=\"zero\"\/><span class=\"forminator-radio-bullet\" aria-hidden=\"true\"><\/span><span class=\"forminator-radio-label\">Odbi\u00f3r osobisty<\/span><\/label><label id=\"forminator-field-radio-1-label-2\" for=\"forminator-field-radio-1-2-69fe365e7dc70\" class=\"forminator-radio forminator-radio-inline\" title=\"Wysy\u0142ka na adres\"><input type=\"radio\" name=\"radio-1\" value=\"two\" id=\"forminator-field-radio-1-2-69fe365e7dc70\" aria-labelledby=\"forminator-field-radio-1-label-2\" data-calculation=\"0\"   data-hidden-behavior=\"zero\"\/><span class=\"forminator-radio-bullet\" aria-hidden=\"true\"><\/span><span class=\"forminator-radio-label\">Wysy\u0142ka na adres<\/span><\/label><label id=\"forminator-field-radio-1-label-3\" for=\"forminator-field-radio-1-3-69fe365e7dc70\" class=\"forminator-radio forminator-radio-inline\" title=\"Wysy\u0142ka do paczkomatu InPost\"><input type=\"radio\" name=\"radio-1\" value=\"Wysy\u0142ka-do-paczkomatu-InPost\" id=\"forminator-field-radio-1-3-69fe365e7dc70\" aria-labelledby=\"forminator-field-radio-1-label-3\" data-calculation=\"0\"   data-hidden-behavior=\"zero\"\/><span class=\"forminator-radio-bullet\" aria-hidden=\"true\"><\/span><span class=\"forminator-radio-label\">Wysy\u0142ka do paczkomatu InPost<\/span><\/label><\/div><\/div><\/div><div class=\"forminator-row\"><div id=\"address-1\" class=\"forminator-field-address forminator-col forminator-col-12 \"><div class=\"forminator-row\"><div id=\"address-1-street_address\" class=\"forminator-col\"><div class=\"forminator-field\"><label for=\"forminator-field-address-1-street_address_69fe365e7dc70\" id=\"forminator-field-address-1-street_address_69fe365e7dc70-label\" class=\"forminator-label\">Ulica i numer domu <span class=\"forminator-required\">*<\/span><\/label><input type=\"text\" name=\"address-1-street_address\" placeholder=\"\" id=\"forminator-field-address-1-street_address_69fe365e7dc70\" class=\"forminator-input\" data-required=\"1\" aria-required=\"true\" autocomplete=\"address-line1\" value=\"\" \/><\/div><\/div><\/div><div class=\"forminator-row\"><div id=\"address-1-address_line\" class=\"forminator-col\"><div class=\"forminator-field\"><label for=\"forminator-field-address-1-address_line_69fe365e7dc70\" id=\"forminator-field-address-1-address_line_69fe365e7dc70-label\" class=\"forminator-label\">Numer mieszkania<\/label><input type=\"text\" name=\"address-1-address_line\" placeholder=\"\" id=\"forminator-field-address-1-address_line_69fe365e7dc70\" class=\"forminator-input\" data-required=\"\" aria-required=\"false\" autocomplete=\"address-line2\" value=\"\" \/><\/div><\/div><\/div><div class=\"forminator-row\" data-multiple=\"true\"><div id=\"address-1-city\" class=\"forminator-col forminator-col-6\"><div class=\"forminator-field\"><label for=\"forminator-field-address-1-city_69fe365e7dc70\" id=\"forminator-field-address-1-city_69fe365e7dc70-label\" class=\"forminator-label\">Miasto <span class=\"forminator-required\">*<\/span><\/label><input type=\"text\" name=\"address-1-city\" placeholder=\"\" id=\"forminator-field-address-1-city_69fe365e7dc70\" class=\"forminator-input\" data-required=\"1\" aria-required=\"true\" autocomplete=\"address-level2\" value=\"\" \/><\/div><\/div><div id=\"address-1-state\" class=\"forminator-col forminator-col-6\"><div class=\"forminator-field\"><label for=\"forminator-field-address-1-state_69fe365e7dc70\" id=\"forminator-field-address-1-state_69fe365e7dc70-label\" class=\"forminator-label\">Wojew\u00f3dztwo <span class=\"forminator-required\">*<\/span><\/label><input type=\"text\" name=\"address-1-state\" placeholder=\"\" id=\"forminator-field-address-1-state_69fe365e7dc70\" class=\"forminator-input\" data-required=\"1\" aria-required=\"true\" autocomplete=\"address-level1\" value=\"\" \/><\/div><\/div><\/div><div class=\"forminator-row\" data-multiple=\"false\"><div id=\"address-1-zip\" class=\"forminator-col forminator-col-12\"><div class=\"forminator-field\"><label for=\"forminator-field-address-1-zip_69fe365e7dc70\" id=\"forminator-field-address-1-zip_69fe365e7dc70-label\" class=\"forminator-label\">Kod pocztowy <span class=\"forminator-required\">*<\/span><\/label><input type=\"text\" name=\"address-1-zip\" placeholder=\"\" id=\"forminator-field-address-1-zip_69fe365e7dc70\" class=\"forminator-input\" autocomplete=\"postal-code\" value=\"\" \/><\/div><\/div><\/div><\/div><\/div><div class=\"forminator-row\"><div id=\"text-1\" class=\"forminator-field-text forminator-col forminator-col-12 \"><div class=\"forminator-field\"><label for=\"forminator-field-text-1_69fe365e7dc70\" id=\"forminator-field-text-1_69fe365e7dc70-label\" class=\"forminator-label\">Numer paczkomatu <span class=\"forminator-required\">*<\/span><\/label><input type=\"text\" name=\"text-1\" value=\"\" placeholder=\"\" id=\"forminator-field-text-1_69fe365e7dc70\" class=\"forminator-input forminator-name--field\" data-required=\"1\" \/><\/div><\/div><\/div><div class=\"forminator-row\"><div id=\"phone-2\" class=\"forminator-field-phone forminator-col forminator-col-12 \"><div class=\"forminator-field\"><label for=\"forminator-field-phone-2_69fe365e7dc70\" id=\"forminator-field-phone-2_69fe365e7dc70-label\" class=\"forminator-label\">Numer telefonu odbiorcy <span class=\"forminator-required\">*<\/span><\/label><input type=\"text\" name=\"phone-2\" value=\"\" placeholder=\"\" id=\"forminator-field-phone-2_69fe365e7dc70\" class=\"forminator-input forminator-field--phone\" data-required=\"1\" aria-required=\"true\" autocomplete=\"off\" data-national_mode=\"enabled\" data-country=\"pl\" data-validation=\"standard\" \/><\/div><\/div><\/div><div class=\"forminator-row\"><div id=\"email-2\" class=\"forminator-field-email forminator-col forminator-col-12 \"><div class=\"forminator-field\"><label for=\"forminator-field-email-2_69fe365e7dc70\" id=\"forminator-field-email-2_69fe365e7dc70-label\" class=\"forminator-label\">Adres Email odbiorcy <span class=\"forminator-required\">*<\/span><\/label><input type=\"email\" name=\"email-2\" value=\"\" placeholder=\"\" id=\"forminator-field-email-2_69fe365e7dc70\" class=\"forminator-input forminator-email--field\" data-required=\"1\" aria-required=\"true\" autocomplete=\"email\" \/><\/div><\/div><\/div><input type=\"hidden\" name=\"referer_url\" value=\"\" \/><div class=\"forminator-row forminator-row-last\"><div class=\"forminator-col\"><div class=\"forminator-field\"><button class=\"forminator-button forminator-button-submit us-btn-style_8\"><span>Wy\u015blij<\/span><span aria-hidden=\"true\"><\/span><\/button><\/div><\/div><\/div><input type=\"hidden\" id=\"forminator_nonce\" name=\"forminator_nonce\" value=\"512f104150\" \/><input type=\"hidden\" name=\"_wp_http_referer\" value=\"\/en\/wp-json\/wp\/v2\/pages\/1060\" \/><input type=\"hidden\" name=\"form_id\" value=\"269\"><input type=\"hidden\" name=\"page_id\" value=\"1060\"><input type=\"hidden\" name=\"form_type\" value=\"default\"><input type=\"hidden\" name=\"current_url\" value=\"https:\/\/finelinetattoo.pl\/en\/vouchers\/\"><input type=\"hidden\" name=\"render_id\" value=\"0\"><input type=\"hidden\" name=\"action\" value=\"forminator_submit_form_custom-forms\"><\/form>\n<\/div><\/div><\/div><\/div><\/div><\/div><\/div><\/section>\n","protected":false},"excerpt":{"rendered":"","protected":false},"author":1,"featured_media":0,"parent":0,"menu_order":0,"comment_status":"closed","ping_status":"closed","template":"","meta":{"_acf_changed":false,"footnotes":""},"class_list":["post-1060","page","type-page","status-publish","hentry"],"acf":[],"_links":{"self":[{"href":"https:\/\/finelinetattoo.pl\/en\/wp-json\/wp\/v2\/pages\/1060","targetHints":{"allow":["GET"]}}],"collection":[{"href":"https:\/\/finelinetattoo.pl\/en\/wp-json\/wp\/v2\/pages"}],"about":[{"href":"https:\/\/finelinetattoo.pl\/en\/wp-json\/wp\/v2\/types\/page"}],"author":[{"embeddable":true,"href":"https:\/\/finelinetattoo.pl\/en\/wp-json\/wp\/v2\/users\/1"}],"replies":[{"embeddable":true,"href":"https:\/\/finelinetattoo.pl\/en\/wp-json\/wp\/v2\/comments?post=1060"}],"version-history":[{"count":16,"href":"https:\/\/finelinetattoo.pl\/en\/wp-json\/wp\/v2\/pages\/1060\/revisions"}],"predecessor-version":[{"id":2751,"href":"https:\/\/finelinetattoo.pl\/en\/wp-json\/wp\/v2\/pages\/1060\/revisions\/2751"}],"wp:attachment":[{"href":"https:\/\/finelinetattoo.pl\/en\/wp-json\/wp\/v2\/media?parent=1060"}],"curies":[{"name":"wp","href":"https:\/\/api.w.org\/{rel}","templated":true}]}}