{"id":1057,"date":"2025-03-08T03:48:34","date_gmt":"2025-03-08T02:48:34","guid":{"rendered":"http:\/\/fineline.local\/services\/"},"modified":"2026-02-22T02:22:50","modified_gmt":"2026-02-22T01:22:50","slug":"services","status":"publish","type":"page","link":"https:\/\/finelinetattoo.pl\/en\/services\/","title":{"rendered":"Services"},"content":{"rendered":"<section class=\"l-section wpb_row height_medium\"><div class=\"l-section-h i-cf\"><div class=\"g-cols vc_row via_grid cols_1 laptops-cols_inherit tablets-cols_inherit mobiles-cols_1 valign_top type_default stacking_default\"><div class=\"wpb_column vc_column_container\"><div class=\"vc_column-inner\"><h1 class=\"w-text us_custom_66ee3449\"><span class=\"w-text-h\"><span class=\"w-text-value\">Our services<\/span><\/span><\/h1><div class=\"w-separator us_custom_8dd538fd size_small with_line width_default thick_1 style_solid color_primary align_center\"><div class=\"w-separator-h\"><\/div><\/div><div class=\"wpb_text_column us_custom_564f2222\"><div class=\"wpb_wrapper\"><p>At Fineline Tattoo Gallery, we offer a wide range of tattoo and body art services. Whether you&#8217;re looking for a delicate design, want to expand your skills or hire a professional stand, there&#8217;s something for you. Explore our offer.<\/p>\n<\/div><\/div><div class=\"w-separator size_medium\"><\/div><div class=\"g-cols wpb_row via_grid cols_3 laptops-cols_inherit tablets-cols_inherit mobiles-cols_1 valign_top type_default stacking_default\" style=\"--columns-gap:3rem;\"><div class=\"wpb_column vc_column_container\"><div class=\"vc_column-inner\"><div class=\"w-image us_custom_d8571861 animate-zoom has_ratio align_none\"><div class=\"w-image-h\"><div style=\"padding-bottom:100%\"><\/div><img decoding=\"async\" width=\"768\" height=\"1024\" src=\"https:\/\/finelinetattoo.pl\/wp-content\/uploads\/2025\/04\/IMG_5343-768x1024.jpeg\" class=\"attachment-large size-large\" alt=\"\" loading=\"lazy\" \/><\/div><\/div><h2 class=\"w-text us_custom_08de84a1\"><a href=\"https:\/\/finelinetattoo.pl\/en\/tattoo\/\" class=\"w-text-h\"><span class=\"w-text-value\">Tattoo<\/span><\/a><\/h2><div class=\"wpb_text_column us_custom_37b59739\"><div class=\"wpb_wrapper\"><p>We create custom tattoos in styles such as fineline, botanical, minimalist and realistic. We tailor each design to your expectations and lifestyle.<\/p>\n<\/div><\/div><div class=\"w-btn-wrapper align_none\"><a class=\"w-btn us-btn-style_6 icon_atright\" href=\"https:\/\/finelinetattoo.pl\/en\/tattoo\/\"><span class=\"w-btn-label\">Learn more<\/span><i class=\"material-icons\">arrow_forward<\/i><\/a><\/div><\/div><\/div><div class=\"wpb_column vc_column_container hide_on_default hide_on_laptops hide_on_tablets hide_on_mobiles\"><div class=\"vc_column-inner\"><div class=\"w-image us_custom_d8571861 animate-zoom has_ratio align_none\"><div class=\"w-image-h\"><div style=\"padding-bottom:100%\"><\/div><img decoding=\"async\" width=\"619\" height=\"825\" src=\"https:\/\/finelinetattoo.pl\/wp-content\/uploads\/2025\/04\/22F8CF3D-E989-4410-A17F-99D0CF73DF8C.jpg\" class=\"attachment-large size-large\" alt=\"\" loading=\"lazy\" \/><\/div><\/div><h2 class=\"w-text us_custom_08de84a1\"><a href=\"https:\/\/finelinetattoo.pl\/en\/permanent-makeup\/\" class=\"w-text-h\"><span class=\"w-text-value\">Permanent makeup<\/span><\/a><\/h2><div class=\"wpb_text_column us_custom_37b59739\"><div class=\"wpb_wrapper\"><div class=\"wpb_text_column\" data-=\"\">\n<div class=\"wpb_wrapper\">\n<p>A subtle enhancement of natural beauty.<\/p>\n<\/div>\n<\/div>\n<\/div><\/div><div class=\"w-btn-wrapper align_none\"><a class=\"w-btn us-btn-style_6 icon_atright\" href=\"https:\/\/finelinetattoo.pl\/en\/permanent-makeup\/\"><span class=\"w-btn-label\">See details<\/span><i class=\"material-icons\">arrow_forward<\/i><\/a><\/div><\/div><\/div><div class=\"wpb_column vc_column_container\"><div class=\"vc_column-inner\"><div class=\"w-image us_custom_d8571861 animate-zoom has_ratio align_none\"><div class=\"w-image-h\"><div style=\"padding-bottom:100%\"><\/div><img decoding=\"async\" width=\"683\" height=\"1024\" src=\"https:\/\/finelinetattoo.pl\/wp-content\/uploads\/2025\/12\/tatuaz-kwiatowy-lilie-motyl-fine-line-1-683x1024.jpg\" class=\"attachment-large size-large\" alt=\"Delikatny tatua\u017c fine line z motywem lilii i ma\u0142ego motyla, wykonany cienk\u0105 lini\u0105 z subtelnym cieniowaniem typu dotwork. Elegancki tatua\u017c botaniczny w czerni, podkre\u015blaj\u0105cy lekko\u015b\u0107 kompozycji i naturalny ruch form.\" loading=\"lazy\" \/><\/div><\/div><h2 class=\"w-text us_custom_08de84a1\"><a href=\"https:\/\/finelinetattoo.pl\/en\/masterclass\/\" class=\"w-text-h\"><span class=\"w-text-value\">Masterclass<\/span><\/a><\/h2><div class=\"wpb_text_column us_custom_37b59739\"><div class=\"wpb_wrapper\"><div class=\"wpb_text_column\" data-=\"\">\n<div class=\"wpb_wrapper\">\n<div class=\"wpb_text_column\" data-=\"\">\n<div class=\"wpb_wrapper\">\n<p>Advanced training for experienced tattoo artists.<\/p>\n<\/div>\n<\/div>\n<\/div>\n<\/div>\n<\/div><\/div><div class=\"w-btn-wrapper align_none\"><a class=\"w-btn us-btn-style_6 icon_atright\" href=\"https:\/\/finelinetattoo.pl\/en\/masterclass\/\"><span class=\"w-btn-label\">Check out the program<\/span><i class=\"material-icons\">arrow_forward<\/i><\/a><\/div><\/div><\/div><div class=\"wpb_column vc_column_container\"><div class=\"vc_column-inner\"><div class=\"w-image us_custom_d8571861 animate-zoom has_ratio align_none\"><div class=\"w-image-h\"><div style=\"padding-bottom:100%\"><\/div><img decoding=\"async\" width=\"1012\" height=\"1024\" src=\"https:\/\/finelinetattoo.pl\/wp-content\/uploads\/2025\/12\/pierwszy-tatuaz-fineline-koliber-szkolenie-tatuazu-1012x1024.jpg\" class=\"attachment-large size-large\" alt=\"Pierwsza praca kursantki wykonana podczas szkolenia tatua\u017cu. Delikatny tatua\u017c fineline przedstawiaj\u0105cy kolibra, zrealizowany w ramach nauki technik tatuowania.\" loading=\"lazy\" \/><\/div><\/div><h2 class=\"w-text us_custom_08de84a1\"><a href=\"https:\/\/finelinetattoo.pl\/en\/training\/\" class=\"w-text-h\"><span class=\"w-text-value\">Courses<\/span><\/a><\/h2><div class=\"wpb_text_column us_custom_37b59739\"><div class=\"wpb_wrapper\"><div class=\"wpb_text_column\" data-=\"\">\n<div class=\"wpb_wrapper\">\n<div class=\"wpb_text_column\" data-=\"\">\n<div class=\"wpb_wrapper\">\n<p>Beginner courses in mini tattoos and fine line, led by experienced artists. Perfect for those who are just starting out. Perfect for people who are just starting out.<\/p>\n<\/div>\n<\/div>\n<\/div>\n<\/div>\n<\/div><\/div><div class=\"w-btn-wrapper align_none\"><a class=\"w-btn us-btn-style_6 icon_atright\" href=\"https:\/\/finelinetattoo.pl\/en\/training\/\"><span class=\"w-btn-label\">Start your journey<\/span><i class=\"material-icons\">arrow_forward<\/i><\/a><\/div><\/div><\/div><div class=\"wpb_column vc_column_container\"><div class=\"vc_column-inner\"><div class=\"w-image us_custom_d8571861 animate-zoom has_ratio align_none\"><div class=\"w-image-h\"><div style=\"padding-bottom:100%\"><\/div><img decoding=\"async\" width=\"1024\" height=\"576\" src=\"https:\/\/finelinetattoo.pl\/wp-content\/uploads\/2025\/04\/fineline-studio-02-1024x576.jpg\" class=\"attachment-large size-large\" alt=\"Nowoczesne stanowiska do tatua\u017cu w studiu Fineline Tattoo Gallery w Krakowie \u2013 profesjonalne, komfortowe i higieniczne wn\u0119trze.\" loading=\"lazy\" \/><\/div><\/div><h2 class=\"w-text us_custom_08de84a1\"><a href=\"https:\/\/finelinetattoo.pl\/en\/rental\/\" class=\"w-text-h\"><span class=\"w-text-value\">Rental<\/span><\/a><\/h2><div class=\"wpb_text_column us_custom_37b59739\"><div class=\"wpb_wrapper\"><div class=\"wpb_text_column\" data-=\"\">\n<div class=\"wpb_wrapper\">\n<div class=\"wpb_text_column\" data-=\"\">\n<div class=\"wpb_wrapper\">\n<p>We offer daily and monthly workstation rental in a fully equipped studio. A great option for artists looking for flexibility. A great option for artists looking for flexibility.<\/p>\n<\/div>\n<\/div>\n<\/div>\n<\/div>\n<\/div><\/div><div class=\"w-btn-wrapper align_none\"><a class=\"w-btn us-btn-style_6 icon_atright\" href=\"https:\/\/finelinetattoo.pl\/en\/rental\/\"><span class=\"w-btn-label\">Book your spot<\/span><i class=\"material-icons\">arrow_forward<\/i><\/a><\/div><\/div><\/div><div class=\"wpb_column vc_column_container\"><div class=\"vc_column-inner\"><div class=\"w-image us_custom_d8571861 animate-zoom has_ratio align_none\"><div class=\"w-image-h\"><div style=\"padding-bottom:100%\"><\/div><img decoding=\"async\" width=\"1024\" height=\"576\" src=\"https:\/\/finelinetattoo.pl\/wp-content\/uploads\/2025\/04\/fineline-studio-04-1024x576.jpg\" class=\"attachment-large size-large\" alt=\"\" loading=\"lazy\" \/><\/div><\/div><h2 class=\"w-text us_custom_08de84a1\"><a href=\"https:\/\/finelinetattoo.pl\/en\/guest-spot\/\" class=\"w-text-h\"><span class=\"w-text-value\">Guest Spot<\/span><\/a><\/h2><div class=\"wpb_text_column us_custom_37b59739\"><div class=\"wpb_wrapper\"><div class=\"wpb_text_column\" data-=\"\">\n<div class=\"wpb_wrapper\">\n<div class=\"wpb_text_column\" data-=\"\">\n<div class=\"wpb_wrapper\">Are you a tattoo artist planning to visit Krak\u00f3w? Join us for a guest spot in our studio \u2013 we\u2019ll take care of your comfort and promotion. <\/div>\n<\/div>\n<\/div>\n<\/div>\n<\/div><\/div><div class=\"w-btn-wrapper align_none\"><a class=\"w-btn us-btn-style_6 icon_atright\" href=\"https:\/\/finelinetattoo.pl\/en\/guest-spot\/\"><span class=\"w-btn-label\">Apply for a guest spot<\/span><i class=\"material-icons\">arrow_forward<\/i><\/a><\/div><\/div><\/div><\/div><\/div><\/div><\/div><\/div><\/section>\n","protected":false},"excerpt":{"rendered":"","protected":false},"author":1,"featured_media":0,"parent":0,"menu_order":0,"comment_status":"closed","ping_status":"closed","template":"","meta":{"_acf_changed":false,"footnotes":""},"class_list":["post-1057","page","type-page","status-publish","hentry"],"acf":[],"_links":{"self":[{"href":"https:\/\/finelinetattoo.pl\/en\/wp-json\/wp\/v2\/pages\/1057","targetHints":{"allow":["GET"]}}],"collection":[{"href":"https:\/\/finelinetattoo.pl\/en\/wp-json\/wp\/v2\/pages"}],"about":[{"href":"https:\/\/finelinetattoo.pl\/en\/wp-json\/wp\/v2\/types\/page"}],"author":[{"embeddable":true,"href":"https:\/\/finelinetattoo.pl\/en\/wp-json\/wp\/v2\/users\/1"}],"replies":[{"embeddable":true,"href":"https:\/\/finelinetattoo.pl\/en\/wp-json\/wp\/v2\/comments?post=1057"}],"version-history":[{"count":14,"href":"https:\/\/finelinetattoo.pl\/en\/wp-json\/wp\/v2\/pages\/1057\/revisions"}],"predecessor-version":[{"id":2749,"href":"https:\/\/finelinetattoo.pl\/en\/wp-json\/wp\/v2\/pages\/1057\/revisions\/2749"}],"wp:attachment":[{"href":"https:\/\/finelinetattoo.pl\/en\/wp-json\/wp\/v2\/media?parent=1057"}],"curies":[{"name":"wp","href":"https:\/\/api.w.org\/{rel}","templated":true}]}}