{"id":1051,"date":"2025-03-12T04:42:56","date_gmt":"2025-03-12T03:42:56","guid":{"rendered":"http:\/\/fineline.local\/training\/"},"modified":"2026-03-25T02:14:44","modified_gmt":"2026-03-25T01:14:44","slug":"training","status":"publish","type":"page","link":"https:\/\/finelinetattoo.pl\/en\/training\/","title":{"rendered":"Courses"},"content":{"rendered":"<section class=\"l-section wpb_row height_medium\"><div class=\"l-section-h i-cf\"><div class=\"g-cols vc_row via_grid cols_1 laptops-cols_inherit tablets-cols_inherit mobiles-cols_1 valign_top type_default stacking_default\"><div class=\"wpb_column vc_column_container\"><div class=\"vc_column-inner\"><h1 class=\"w-text us_custom_e6c3ba2c\"><span class=\"w-text-h\"><span class=\"w-text-value\">Tattoo Training<\/span><\/span><\/h1><div class=\"wpb_text_column us_custom_92637187\"><div class=\"wpb_wrapper\"><p>Want to learn how to create unique, precise tattoos? At Fineline Tattoo Gallery, we offer professional one-on-one courses taught by experienced artists. This is the perfect opportunity to gain a solid foundation or develop your skills in the Fine Line style.  <\/p>\n<p class=\"p1\">The training includes both theoretical part and practice on models, which will allow you to gain real experience and confidence in working with clients. You will also learn the principles of hygiene, safety and proper workstation preparation. <\/p>\n<\/div><\/div><div class=\"w-separator size_medium\"><\/div><div class=\"w-hwrapper valign_top align_center\"><div class=\"w-image us_custom_514e3533 opacity75 align_none\"><div class=\"w-image-h\"><img decoding=\"async\" width=\"400\" height=\"138\" src=\"https:\/\/finelinetattoo.pl\/wp-content\/uploads\/2026\/03\/ISO-9001_2025-label-black.png\" class=\"attachment-large size-large\" alt=\"\" loading=\"lazy\" srcset=\"https:\/\/finelinetattoo.pl\/wp-content\/uploads\/2026\/03\/ISO-9001_2025-label-black.png 400w, https:\/\/finelinetattoo.pl\/wp-content\/uploads\/2026\/03\/ISO-9001_2025-label-black-300x104.png 300w\" sizes=\"auto, (max-width: 400px) 100vw, 400px\" \/><\/div><\/div><\/div><div class=\"w-separator size_small\"><\/div><div class=\"g-cols wpb_row via_grid cols_1 laptops-cols_inherit tablets-cols_inherit mobiles-cols_1 valign_middle type_default stacking_default\" style=\"--columns-gap:3rem;\"><div class=\"wpb_column vc_column_container us_custom_9d2178f5 has_bg_color\"><div class=\"vc_column-inner\"><div class=\"w-hwrapper valign_middle stack_on_mobiles align_justify\"><div class=\"w-vwrapper align_center valign_top\"><h3 class=\"w-text\"><span class=\"w-text-h\"><span class=\"w-text-value\">The highest standards of hygiene and precision in the training process, in accordance with ISO.<\/span><\/span><\/h3><div class=\"wpb_text_column us_custom_ea2be81a\"><div class=\"wpb_wrapper\"><p>Fineline Tattoo Gallery&#8217;s educational program and processes are audited and certified according to the ISO 9001:2015 international standard for quality management systems.<\/p>\n<\/div><\/div><\/div><div class=\"w-image us_custom_2efa52b7 align_none\"><a ref=\"magnificPopup\" href=\"https:\/\/finelinetattoo.pl\/wp-content\/uploads\/2026\/03\/Fineline-Sp_z_oo-ISO.jpg\" aria-label=\"Fineline-Sp_z_oo-ISO\" class=\"w-image-h\"><img decoding=\"async\" width=\"595\" height=\"841\" src=\"https:\/\/finelinetattoo.pl\/wp-content\/uploads\/2026\/03\/Fineline-Sp_z_oo-ISO.jpg\" class=\"attachment-large size-large\" alt=\"\" loading=\"lazy\" srcset=\"https:\/\/finelinetattoo.pl\/wp-content\/uploads\/2026\/03\/Fineline-Sp_z_oo-ISO.jpg 595w, https:\/\/finelinetattoo.pl\/wp-content\/uploads\/2026\/03\/Fineline-Sp_z_oo-ISO-212x300.jpg 212w\" sizes=\"auto, (max-width: 595px) 100vw, 595px\" \/><\/a><\/div><\/div><\/div><\/div><\/div><div class=\"w-separator size_large\"><\/div><div class=\"g-cols wpb_row us_custom_dcd2ee8b via_grid cols_2 laptops-cols_inherit tablets-cols_inherit mobiles-cols_1 valign_top type_default stacking_default\" style=\"--columns-gap:3rem;\"><div class=\"wpb_column vc_column_container us_custom_4f168f6e transition-all hover:shadow-lg has_bg_color\"><div class=\"vc_column-inner\"><h3 class=\"w-text us_custom_fa597dd4\"><span class=\"w-text-h\"><span class=\"w-text-value\">Mini Tattoo<\/span><\/span><\/h3><div class=\"w-text us_custom_caa33530 has_text_color\"><span class=\"w-text-h\"><span class=\"w-text-value\">5500 PLN<\/span><\/span><\/div><div class=\"w-text us_custom_2ed3000f\"><span class=\"w-text-h\"><span class=\"w-text-value\">30 hours (5 days)<\/span><\/span><\/div><div class=\"w-separator size_small\"><\/div><div class=\"wpb_text_column us_custom_ab531171\"><div class=\"wpb_wrapper\"><p>The perfect start in the world of tattooing.<br \/>\nSimple mini projects 1-5 cm<br \/>\nMode: full-time, one-on-one<br \/>\nIntensive Practice<br \/>\nCourse completion certificate<\/p>\n<\/div><\/div><div class=\"w-separator size_medium\"><\/div><div class=\"w-btn-wrapper align_none\"><a class=\"w-btn us-btn-style_5\" href=\"https:\/\/finelinetattoo.pl\/en\/mini-tattoo-training-from-scratch\/\"><span class=\"w-btn-label\">Learn more<\/span><\/a><\/div><\/div><\/div><div class=\"wpb_column vc_column_container us_custom_4f168f6e transition-all hover:shadow-lg has_bg_color\"><div class=\"vc_column-inner\"><h3 class=\"w-text us_custom_fa597dd4\"><span class=\"w-text-h\"><span class=\"w-text-value\">Fine Line from the Ground Up<\/span><\/span><\/h3><div class=\"w-text us_custom_caa33530 has_text_color\"><span class=\"w-text-h\"><span class=\"w-text-value\">10000 PLN<\/span><\/span><\/div><div class=\"w-text us_custom_2ed3000f\"><span class=\"w-text-h\"><span class=\"w-text-value\">60 hours (8 days)<\/span><\/span><\/div><div class=\"w-separator size_small\"><\/div><div class=\"wpb_text_column us_custom_ab531171\"><div class=\"wpb_wrapper\"><p>Learning Fine Line Style, Technique, Composition<br \/>\nComplex, Precise Fine Line Tattoos<br \/>\nMode: full-time, individual<br \/>\nIntensive Practice<br \/>\nCourse Completion Certificate<\/p>\n<\/div><\/div><div class=\"w-separator size_medium\"><\/div><div class=\"w-btn-wrapper align_none\"><a class=\"w-btn us-btn-style_5\" href=\"https:\/\/finelinetattoo.pl\/en\/individual-training-with-fine-line-from-basics-to-portfolio\/\"><span class=\"w-btn-label\">Learn more<\/span><\/a><\/div><\/div><\/div><\/div><div class=\"w-separator size_medium\"><\/div><div class=\"w-text us_custom_265ed3b4\"><span class=\"w-text-h\"><span class=\"w-text-value\">Our training is intensive, hands-on learning in the safe and comfortable environment of a studio in the center of Krakow.<\/span><\/span><\/div><\/div><\/div><\/div><\/div><\/section><section class=\"l-section wpb_row height_medium\"><div class=\"l-section-overlay\" style=\"background:var(--color-alt-content-bg-alt)\"><\/div><div class=\"l-section-h i-cf\"><div class=\"g-cols vc_row via_grid cols_1 laptops-cols_inherit tablets-cols_inherit mobiles-cols_1 valign_top type_default stacking_default\"><div class=\"wpb_column vc_column_container\"><div class=\"vc_column-inner\"><h2 class=\"w-text us_custom_e4fc1d61\"><span class=\"w-text-h\"><span class=\"w-text-value\">First works of our students<\/span><\/span><\/h2><div class=\"w-text us_custom_eb849559\"><span class=\"w-text-h\"><span class=\"w-text-value\">realized during Tattoo Training<\/span><\/span><\/div><div class=\"w-separator size_medium\"><\/div><div class=\"w-gallery portfolio-gallery fit_cover type_grid action_popup_image ratio_1x1 count_10\" style=\"--columns:4;--items-gap:10px;\"><div class=\"w-gallery-list\"><div class=\"w-gallery-item\"><div class=\"w-gallery-item-img\"><img loading=\"lazy\" decoding=\"async\" width=\"768\" height=\"1024\" src=\"https:\/\/finelinetattoo.pl\/wp-content\/uploads\/2025\/12\/pierwszy-tatuaz-fineline-motyw-roslinny-szkolenie-tatuazu-768x1024.jpg\" class=\"attachment-large size-large\" alt=\"Pierwsza praca kursantki wykonana podczas szkolenia tatua\u017cu. Delikatny tatua\u017c fineline z motywem ro\u015blinnym i subtelnymi detalami, stworzony w ramach nauki technik tatuowania.\" srcset=\"https:\/\/finelinetattoo.pl\/wp-content\/uploads\/2025\/12\/pierwszy-tatuaz-fineline-motyw-roslinny-szkolenie-tatuazu-768x1024.jpg 768w, https:\/\/finelinetattoo.pl\/wp-content\/uploads\/2025\/12\/pierwszy-tatuaz-fineline-motyw-roslinny-szkolenie-tatuazu-225x300.jpg 225w, https:\/\/finelinetattoo.pl\/wp-content\/uploads\/2025\/12\/pierwszy-tatuaz-fineline-motyw-roslinny-szkolenie-tatuazu-scaled.jpg 1920w\" sizes=\"auto, (max-width: 768px) 100vw, 768px\" \/><\/div><a class=\"w-gallery-item-link\" aria-label=\"Pierwsza praca kursantki wykonana podczas szkolenia tatua\u017cu. Delikatny tatua\u017c fineline z motywem ro\u015blinnym i subtelnymi detalami, stworzony w ramach nauki technik tatuowania.\" href=\"https:\/\/finelinetattoo.pl\/wp-content\/uploads\/2025\/12\/pierwszy-tatuaz-fineline-motyw-roslinny-szkolenie-tatuazu-scaled.jpg\"><\/a><\/div><div class=\"w-gallery-item\"><div class=\"w-gallery-item-img\"><img loading=\"lazy\" decoding=\"async\" width=\"768\" height=\"1024\" src=\"https:\/\/finelinetattoo.pl\/wp-content\/uploads\/2025\/06\/szkolenie-fineline-1-768x1024.jpg\" class=\"attachment-large size-large\" alt=\"\" srcset=\"https:\/\/finelinetattoo.pl\/wp-content\/uploads\/2025\/06\/szkolenie-fineline-1-768x1024.jpg 768w, https:\/\/finelinetattoo.pl\/wp-content\/uploads\/2025\/06\/szkolenie-fineline-1-225x300.jpg 225w, https:\/\/finelinetattoo.pl\/wp-content\/uploads\/2025\/06\/szkolenie-fineline-1-scaled.jpg 1920w\" sizes=\"auto, (max-width: 768px) 100vw, 768px\" \/><\/div><a class=\"w-gallery-item-link\" aria-label=\"szkolenie-fineline-1\" href=\"https:\/\/finelinetattoo.pl\/wp-content\/uploads\/2025\/06\/szkolenie-fineline-1-scaled.jpg\"><\/a><\/div><div class=\"w-gallery-item\"><div class=\"w-gallery-item-img\"><img loading=\"lazy\" decoding=\"async\" width=\"1012\" height=\"1024\" src=\"https:\/\/finelinetattoo.pl\/wp-content\/uploads\/2025\/12\/pierwszy-tatuaz-fineline-koliber-szkolenie-tatuazu-1012x1024.jpg\" class=\"attachment-large size-large\" alt=\"Pierwsza praca kursantki wykonana podczas szkolenia tatua\u017cu. Delikatny tatua\u017c fineline przedstawiaj\u0105cy kolibra, zrealizowany w ramach nauki technik tatuowania.\" srcset=\"https:\/\/finelinetattoo.pl\/wp-content\/uploads\/2025\/12\/pierwszy-tatuaz-fineline-koliber-szkolenie-tatuazu-1012x1024.jpg 1012w, https:\/\/finelinetattoo.pl\/wp-content\/uploads\/2025\/12\/pierwszy-tatuaz-fineline-koliber-szkolenie-tatuazu-296x300.jpg 296w\" sizes=\"auto, (max-width: 1012px) 100vw, 1012px\" \/><\/div><a class=\"w-gallery-item-link\" aria-label=\"Pierwsza praca kursantki wykonana podczas szkolenia tatua\u017cu. Delikatny tatua\u017c fineline przedstawiaj\u0105cy kolibra, zrealizowany w ramach nauki technik tatuowania.\" href=\"https:\/\/finelinetattoo.pl\/wp-content\/uploads\/2025\/12\/pierwszy-tatuaz-fineline-koliber-szkolenie-tatuazu-scaled.jpg\"><\/a><\/div><div class=\"w-gallery-item\"><div class=\"w-gallery-item-img\"><img loading=\"lazy\" decoding=\"async\" width=\"768\" height=\"1024\" src=\"https:\/\/finelinetattoo.pl\/wp-content\/uploads\/2025\/06\/szkolenie-fineline-flower-abstract-1-768x1024.jpg\" class=\"attachment-large size-large\" alt=\"\" srcset=\"https:\/\/finelinetattoo.pl\/wp-content\/uploads\/2025\/06\/szkolenie-fineline-flower-abstract-1-768x1024.jpg 768w, https:\/\/finelinetattoo.pl\/wp-content\/uploads\/2025\/06\/szkolenie-fineline-flower-abstract-1-225x300.jpg 225w, https:\/\/finelinetattoo.pl\/wp-content\/uploads\/2025\/06\/szkolenie-fineline-flower-abstract-1-scaled.jpg 1920w\" sizes=\"auto, (max-width: 768px) 100vw, 768px\" \/><\/div><a class=\"w-gallery-item-link\" aria-label=\"szkolenie-fineline-flower-abstract-1\" href=\"https:\/\/finelinetattoo.pl\/wp-content\/uploads\/2025\/06\/szkolenie-fineline-flower-abstract-1-scaled.jpg\"><\/a><\/div><div class=\"w-gallery-item\"><div class=\"w-gallery-item-img\"><img loading=\"lazy\" decoding=\"async\" width=\"683\" height=\"1024\" src=\"https:\/\/finelinetattoo.pl\/wp-content\/uploads\/2025\/11\/mini-tattoo-kroliki-fine-line-szkolenia-683x1024.jpg\" class=\"attachment-large size-large\" alt=\"Subtelny tatua\u017c dw\u00f3ch kr\u00f3lik\u00f3w w stylu fine line wykonany przez kursantk\u0119 podczas szkolenia Mini Tattoo w Fineline Tattoo Gallery. Idealny przyk\u0142ad nauki delikatnych i minimalistycznych tatua\u017cy.\" srcset=\"https:\/\/finelinetattoo.pl\/wp-content\/uploads\/2025\/11\/mini-tattoo-kroliki-fine-line-szkolenia-683x1024.jpg 683w, https:\/\/finelinetattoo.pl\/wp-content\/uploads\/2025\/11\/mini-tattoo-kroliki-fine-line-szkolenia-200x300.jpg 200w, https:\/\/finelinetattoo.pl\/wp-content\/uploads\/2025\/11\/mini-tattoo-kroliki-fine-line-szkolenia-scaled.jpg 1708w\" sizes=\"auto, (max-width: 683px) 100vw, 683px\" \/><\/div><a class=\"w-gallery-item-link\" aria-label=\"Subtelny tatua\u017c dw\u00f3ch kr\u00f3lik\u00f3w w stylu fine line wykonany przez kursantk\u0119 podczas szkolenia Mini Tattoo w Fineline Tattoo Gallery. Idealny przyk\u0142ad nauki delikatnych i minimalistycznych tatua\u017cy.\" href=\"https:\/\/finelinetattoo.pl\/wp-content\/uploads\/2025\/11\/mini-tattoo-kroliki-fine-line-szkolenia-scaled.jpg\"><\/a><\/div><div class=\"w-gallery-item\"><div class=\"w-gallery-item-img\"><img loading=\"lazy\" decoding=\"async\" width=\"768\" height=\"1024\" src=\"https:\/\/finelinetattoo.pl\/wp-content\/uploads\/2025\/12\/pierwszy-tatuaz-fineline-kot-szkolenie-tatuazu-768x1024.jpg\" class=\"attachment-large size-large\" alt=\"Pierwsza praca kursantki wykonana podczas szkolenia tatua\u017cu. Delikatny tatua\u017c fineline z motywem kota, zrealizowany w ramach nauki technik tatuowania.\" srcset=\"https:\/\/finelinetattoo.pl\/wp-content\/uploads\/2025\/12\/pierwszy-tatuaz-fineline-kot-szkolenie-tatuazu-768x1024.jpg 768w, https:\/\/finelinetattoo.pl\/wp-content\/uploads\/2025\/12\/pierwszy-tatuaz-fineline-kot-szkolenie-tatuazu-225x300.jpg 225w, https:\/\/finelinetattoo.pl\/wp-content\/uploads\/2025\/12\/pierwszy-tatuaz-fineline-kot-szkolenie-tatuazu-scaled.jpg 1920w\" sizes=\"auto, (max-width: 768px) 100vw, 768px\" \/><\/div><a class=\"w-gallery-item-link\" aria-label=\"Pierwsza praca kursantki wykonana podczas szkolenia tatua\u017cu. Delikatny tatua\u017c fineline z motywem kota, zrealizowany w ramach nauki technik tatuowania.\" href=\"https:\/\/finelinetattoo.pl\/wp-content\/uploads\/2025\/12\/pierwszy-tatuaz-fineline-kot-szkolenie-tatuazu-scaled.jpg\"><\/a><\/div><div class=\"w-gallery-item\"><div class=\"w-gallery-item-img\"><img loading=\"lazy\" decoding=\"async\" width=\"683\" height=\"1024\" src=\"https:\/\/finelinetattoo.pl\/wp-content\/uploads\/2025\/12\/pierwszy-tatuaz-fineline-mis-szkolenie-tatuazu-683x1024.jpg\" class=\"attachment-large size-large\" alt=\"Pierwsza praca kursantki wykonana podczas szkolenia tatua\u017cu. Delikatny tatua\u017c fineline z motywem misia, zrealizowany w ramach nauki podstaw tatuowania.\" srcset=\"https:\/\/finelinetattoo.pl\/wp-content\/uploads\/2025\/12\/pierwszy-tatuaz-fineline-mis-szkolenie-tatuazu-683x1024.jpg 683w, https:\/\/finelinetattoo.pl\/wp-content\/uploads\/2025\/12\/pierwszy-tatuaz-fineline-mis-szkolenie-tatuazu-200x300.jpg 200w, https:\/\/finelinetattoo.pl\/wp-content\/uploads\/2025\/12\/pierwszy-tatuaz-fineline-mis-szkolenie-tatuazu-scaled.jpg 1708w\" sizes=\"auto, (max-width: 683px) 100vw, 683px\" \/><\/div><a class=\"w-gallery-item-link\" aria-label=\"Pierwsza praca kursantki wykonana podczas szkolenia tatua\u017cu. Delikatny tatua\u017c fineline z motywem misia, zrealizowany w ramach nauki podstaw tatuowania.\" href=\"https:\/\/finelinetattoo.pl\/wp-content\/uploads\/2025\/12\/pierwszy-tatuaz-fineline-mis-szkolenie-tatuazu-scaled.jpg\"><\/a><\/div><div class=\"w-gallery-item\"><div class=\"w-gallery-item-img\"><img loading=\"lazy\" decoding=\"async\" width=\"683\" height=\"1024\" src=\"https:\/\/finelinetattoo.pl\/wp-content\/uploads\/2025\/11\/mini-tattoo-training-sun-design-683x1024.jpg\" class=\"attachment-large size-large\" alt=\"Delikatny tatua\u017c s\u0142o\u0144ca wykonany podczas szkolenia Mini Tattoo \u2014 minimalistyczny wz\u00f3r \u0107wiczony przez pocz\u0105tkuj\u0105c\u0105 kursantk\u0119 w trakcie praktycznej cz\u0119\u015bci warsztat\u00f3w.\" srcset=\"https:\/\/finelinetattoo.pl\/wp-content\/uploads\/2025\/11\/mini-tattoo-training-sun-design-683x1024.jpg 683w, https:\/\/finelinetattoo.pl\/wp-content\/uploads\/2025\/11\/mini-tattoo-training-sun-design-200x300.jpg 200w, https:\/\/finelinetattoo.pl\/wp-content\/uploads\/2025\/11\/mini-tattoo-training-sun-design-scaled.jpg 1708w\" sizes=\"auto, (max-width: 683px) 100vw, 683px\" \/><\/div><a class=\"w-gallery-item-link\" aria-label=\"Delikatny tatua\u017c s\u0142o\u0144ca wykonany podczas szkolenia Mini Tattoo \u2014 minimalistyczny wz\u00f3r \u0107wiczony przez pocz\u0105tkuj\u0105c\u0105 kursantk\u0119 w trakcie praktycznej cz\u0119\u015bci warsztat\u00f3w.\" href=\"https:\/\/finelinetattoo.pl\/wp-content\/uploads\/2025\/11\/mini-tattoo-training-sun-design-scaled.jpg\"><\/a><\/div><\/div><div class=\"w-gallery-loadmore\" style=\"--btn-indent:1.5em\"><button  class=\"w-btn us-btn-style_7\"><span class=\"w-btn-label\">Load More<\/span><\/button><div class=\"g-preloader type_1\"><div><\/div><\/div><\/div><div class=\"w-gallery-json hidden\"  onclick='return {&quot;action&quot;:&quot;us_ajax_gallery&quot;,&quot;template_vars&quot;:{&quot;ids&quot;:[1994,1439,1996,1433,1674,1998,2000,1678,1429,1431],&quot;img_size&quot;:&quot;large&quot;,&quot;items_click_action&quot;:&quot;popup_image&quot;,&quot;items_link&quot;:&quot;{\\&quot;url\\&quot;:\\&quot;\\&quot;}&quot;,&quot;items_title&quot;:0,&quot;max_num_pages&quot;:2,&quot;quantity&quot;:&quot;8&quot;,&quot;pagination&quot;:&quot;load_on_btn&quot;},&quot;_us_nonce&quot;:&quot;e8b9e88e6a&quot;}'><\/div><\/div><\/div><\/div><\/div><\/div><\/section><section class=\"l-section wpb_row height_medium\"><div class=\"l-section-h i-cf\"><div class=\"g-cols vc_row via_grid cols_1 laptops-cols_inherit tablets-cols_inherit mobiles-cols_1 valign_top type_default stacking_default\"><div class=\"wpb_column vc_column_container\"><div class=\"vc_column-inner\"><h2 class=\"w-text us_custom_85bee44a\"><span class=\"w-text-h\"><span class=\"w-text-value\">Training also for people with experience!<\/span><\/span><\/h2><div class=\"wpb_text_column us_custom_564f2222\"><div class=\"wpb_wrapper\"><p>Have you already taken a Mini Tattoo course or the basics of tattooing? With us, you can develop your skills in Fine Line style during the dedicated \u201cFine Line for Practitioners\u201d training course. This is the perfect step for those who want to get to the next level of precision and aesthetics in tattooing.<\/p>\n<\/div><\/div><div class=\"w-separator size_medium\"><\/div><div class=\"g-cols wpb_row us_custom_af0b3045 via_grid cols_1 laptops-cols_inherit tablets-cols_inherit mobiles-cols_1 valign_top type_default stacking_default\" style=\"--columns-gap:3rem;\"><div class=\"wpb_column vc_column_container us_custom_4f168f6e transition-all hover:shadow-lg has_bg_color\"><div class=\"vc_column-inner\"><h3 class=\"w-text us_custom_fa597dd4\"><span class=\"w-text-h\"><span class=\"w-text-value\">Fine Line for Tattooists<\/span><\/span><\/h3><div class=\"w-text us_custom_caa33530 has_text_color\"><span class=\"w-text-h\"><span class=\"w-text-value\">3500 PLN<\/span><\/span><\/div><div class=\"w-text us_custom_2ed3000f\"><span class=\"w-text-h\"><span class=\"w-text-value\">20 hours (3 days)<\/span><\/span><\/div><div class=\"w-separator size_small\"><\/div><div class=\"wpb_text_column us_custom_ab531171\"><div class=\"wpb_wrapper\"><p>For those with minimal experience<br \/>\nor after Mini Tattoo course<br \/>\nLearning Fine Line style, technique, composition<br \/>\nComplex, precise Fine Line tattoos<br \/>\nMode: full-time, individual<br \/>\nIntensive Practice<br \/>\nCourse completion certificate<\/p>\n<\/div><\/div><div class=\"w-separator size_medium\"><\/div><div class=\"w-btn-wrapper align_none\"><a class=\"w-btn us-btn-style_5\" href=\"#\"><span class=\"w-btn-label\">Learn more<\/span><\/a><\/div><\/div><\/div><\/div><\/div><\/div><\/div><\/div><\/section><section class=\"l-section wpb_row height_medium\"><div class=\"l-section-overlay\" style=\"background:var(--color-alt-content-bg-alt)\"><\/div><div class=\"l-section-h i-cf\"><div class=\"g-cols vc_row via_grid cols_1 laptops-cols_inherit tablets-cols_inherit mobiles-cols_1 valign_top type_default stacking_default\"><div class=\"wpb_column vc_column_container\"><div class=\"vc_column-inner\"><h2 class=\"w-text us_custom_564f2222\"><span class=\"w-text-h\"><span class=\"w-text-value\">Not sure which training course will be best for you? Have questions about the course program, level of difficulty or scope of practice? <\/span><\/span><\/h2><div class=\"wpb_text_column us_custom_564f2222\"><div class=\"wpb_wrapper\"><p>Contact us \u2013 we\u2019ll be happy to advise and help you choose the right training for your needs and experience.<br data-start=\"324\" data-end=\"327\">Whether you\u2019re just getting started in tattooing or want to develop your Fine Line skills, there\u2019s a course for you with us.<br data-start=\"483\" data-end=\"486\">Take the next step in your tattooing career and learn from experienced artists in a professional studio in the center of Krakow.<\/p>\n<\/div><\/div><div class=\"w-separator size_medium\"><\/div><div class=\"w-btn-wrapper align_center\"><a class=\"w-btn us-btn-style_1\" rel=\"nofollow\" href=\"https:\/\/finelinetattoo.pl\/en\/contact\/\"><span class=\"w-btn-label\">Contact us<\/span><\/a><\/div><\/div><\/div><\/div><\/div><\/section>\n","protected":false},"excerpt":{"rendered":"","protected":false},"author":1,"featured_media":0,"parent":0,"menu_order":0,"comment_status":"closed","ping_status":"closed","template":"","meta":{"_acf_changed":false,"footnotes":""},"class_list":["post-1051","page","type-page","status-publish","hentry"],"acf":[],"_links":{"self":[{"href":"https:\/\/finelinetattoo.pl\/en\/wp-json\/wp\/v2\/pages\/1051","targetHints":{"allow":["GET"]}}],"collection":[{"href":"https:\/\/finelinetattoo.pl\/en\/wp-json\/wp\/v2\/pages"}],"about":[{"href":"https:\/\/finelinetattoo.pl\/en\/wp-json\/wp\/v2\/types\/page"}],"author":[{"embeddable":true,"href":"https:\/\/finelinetattoo.pl\/en\/wp-json\/wp\/v2\/users\/1"}],"replies":[{"embeddable":true,"href":"https:\/\/finelinetattoo.pl\/en\/wp-json\/wp\/v2\/comments?post=1051"}],"version-history":[{"count":41,"href":"https:\/\/finelinetattoo.pl\/en\/wp-json\/wp\/v2\/pages\/1051\/revisions"}],"predecessor-version":[{"id":2882,"href":"https:\/\/finelinetattoo.pl\/en\/wp-json\/wp\/v2\/pages\/1051\/revisions\/2882"}],"wp:attachment":[{"href":"https:\/\/finelinetattoo.pl\/en\/wp-json\/wp\/v2\/media?parent=1051"}],"curies":[{"name":"wp","href":"https:\/\/api.w.org\/{rel}","templated":true}]}}