{"id":1002,"date":"2025-03-13T22:53:39","date_gmt":"2025-03-13T21:53:39","guid":{"rendered":"http:\/\/fineline.local\/info\/before-and-after-the-appointment\/"},"modified":"2026-02-26T19:15:52","modified_gmt":"2026-02-26T18:15:52","slug":"before-and-after-the-appointment","status":"publish","type":"page","link":"https:\/\/finelinetattoo.pl\/en\/info\/before-and-after-the-appointment\/","title":{"rendered":"Before &amp; After the Appointment"},"content":{"rendered":"<section class=\"l-section wpb_row height_medium\"><div class=\"l-section-h i-cf\"><div class=\"g-cols vc_row via_grid cols_1 laptops-cols_inherit tablets-cols_inherit mobiles-cols_1 valign_top type_default stacking_default\"><div class=\"wpb_column vc_column_container\"><div class=\"vc_column-inner\"><div class=\"w-text us_custom_a609b328\"><span class=\"w-text-h\"><span class=\"w-text-value\">Client Information Guide<\/span><\/span><\/div><h1 class=\"w-text us_custom_feb4ae67\"><span class=\"w-text-h\"><span class=\"w-text-value\">Before &amp; After the Appointment<\/span><\/span><\/h1><div class=\"wpb_text_column us_custom_2c408c8a\"><div class=\"wpb_wrapper\"><header class=\"relative py-24 lg:py-32 bg-background-light dark:bg-background-dark overflow-hidden\">\n<div class=\"max-w-4xl mx-auto px-4 text-center relative z-10\">\n<p class=\"text-lg md:text-xl text-gray-600 dark:text-gray-300 font-light max-w-2xl mx-auto leading-relaxed\">A comprehensive guide to help you prepare for your session and care for your new tattoo, ensuring a perfect final result.<\/p>\n<\/div>\n<\/header>\n<\/div><\/div><\/div><\/div><\/div><\/div><\/section><section class=\"l-section wpb_row height_medium\" id=\"before\"><div class=\"l-section-h i-cf\"><div class=\"g-cols vc_row via_grid cols_2 laptops-cols_inherit tablets-cols_1 mobiles-cols_1 valign_top type_default stacking_default\" style=\"--columns-gap:3.5rem;\"><div class=\"wpb_column vc_column_container\"><div class=\"vc_column-inner\"><div class=\"w-vwrapper us_custom_cac830fe align_none valign_top\"><h3 class=\"w-text us_custom_137690b6\"><span class=\"w-text-h\"><span class=\"w-text-value\">Important Information<\/span><\/span><\/h3><h3 class=\"w-text us_custom_be1d6636 has_text_color\"><span class=\"w-text-h\"><span class=\"w-text-value\">Before your appointment:<\/span><\/span><\/h3><\/div><div class=\"w-separator size_medium\"><\/div><h3 class=\"w-text\"><span class=\"w-text-h\"><span class=\"w-text-value\">Arrive on Time<\/span><\/span><\/h3><div class=\"wpb_text_column\"><div class=\"wpb_wrapper\"><p>Make sure to allow enough time to arrive at your scheduled appointment. Our artists work with several clients per day, so being late may disrupt their schedule. If you are <strong>20 minutes late or more<\/strong>, the artist may cancel your session, and the paid deposit will be treated as a design preparation fee.<\/p>\n<\/div><\/div><div class=\"w-separator size_small with_line width_default thick_1 style_solid color_border align_center\"><div class=\"w-separator-h\"><\/div><\/div><h3 class=\"w-text\"><span class=\"w-text-h\"><span class=\"w-text-value\">Health &amp; Comfort<\/span><\/span><\/h3><div class=\"w-vwrapper us_custom_b8e803b3 align_none valign_top\" style=\"--vwrapper-gap:0.4rem\"><div class=\"w-hwrapper valign_top align_none\" style=\"--hwrapper-gap:0.5rem\"><div class=\"w-text us_custom_224c03b0\"><span class=\"w-text-h\"><span class=\"w-text-value\">check_circle<\/span><\/span><\/div><div class=\"wpb_text_column\"><div class=\"wpb_wrapper\"><p>Get a good night\u2019s sleep before your session \u2013 it will help you better handle the pain.<\/p>\n<\/div><\/div><\/div><div class=\"w-hwrapper valign_top align_none\" style=\"--hwrapper-gap:0.5rem\"><div class=\"w-text us_custom_224c03b0\"><span class=\"w-text-h\"><span class=\"w-text-value\">restaurant<\/span><\/span><\/div><div class=\"wpb_text_column\"><div class=\"wpb_wrapper\"><p><strong>Eat a proper meal<\/strong> \u2014 not preparing your body properly may cause discomfort.<\/p>\n<\/div><\/div><\/div><div class=\"w-hwrapper valign_top align_none\" style=\"--hwrapper-gap:0.5rem\"><div class=\"w-text us_custom_224c03b0\"><span class=\"w-text-h\"><span class=\"w-text-value\">block<\/span><\/span><\/div><div class=\"wpb_text_column\"><div class=\"wpb_wrapper\"><p><strong>Don\u2019t drink alcohol before your appointment<\/strong> \u2013 alcohol negatively affects the tattooing and healing process.<\/p>\n<\/div><\/div><\/div><\/div><div class=\"w-separator size_small with_line width_default thick_1 style_solid color_border align_center\"><div class=\"w-separator-h\"><\/div><\/div><h3 class=\"w-text\"><span class=\"w-text-h\"><span class=\"w-text-value\">Hygiene &amp; Clothing<\/span><\/span><\/h3><div class=\"wpb_text_column\"><div class=\"wpb_wrapper\"><p><b>Take a shower<\/b> \u2014 clean, well-prepared skin improves comfort during the session.<\/p>\n<p><span class=\"s1\"><\/span><b>Moisturize the area where you plan to get tattooed thoroughly with lotion<\/b> \u2014 proper hydration significantly facilitates the tattooing process.<\/p>\n<p><span class=\"s1\"><\/span><b>Dress comfortably<\/b> \u2014 avoid light-colored clothing due to the risk of ink stains.<\/p>\n<p><span class=\"s1\"><\/span><b>Avoid numbing creams<\/b> \u2014 in most cases, they can interfere with the tattooing process and negatively affect the final result and healing.<\/p>\n<\/div><\/div><\/div><\/div><div class=\"wpb_column vc_column_container\"><div class=\"vc_column-inner\"><div class=\"w-image us_custom_13d3144f animate-zoom has_ratio align_none\"><div class=\"w-image-h\"><div style=\"padding-bottom:133.3333%\"><\/div><img decoding=\"async\" width=\"768\" height=\"1024\" src=\"https:\/\/finelinetattoo.pl\/wp-content\/uploads\/2025\/04\/fineline-studio-03-768x1024.jpg\" class=\"attachment-large size-large\" alt=\"\" loading=\"lazy\" \/><\/div><\/div><div class=\"w-separator size_medium\"><\/div><h3 class=\"w-text\"><span class=\"w-text-h\"><span class=\"w-text-value\">Studio Terms and Conditions<\/span><\/span><\/h3><div class=\"w-vwrapper us_custom_2ed3000f align_none valign_top\" style=\"--vwrapper-gap:0.2rem\"><div class=\"w-hwrapper valign_top align_none\" style=\"--hwrapper-gap:0.5rem\"><div class=\"w-text us_custom_224c03b0\"><span class=\"w-text-h\"><span class=\"w-text-value\">info<\/span><\/span><\/div><div class=\"wpb_text_column\"><div class=\"wpb_wrapper\"><p>We tattoo only individuals aged 18+ or minors with written parental\/guardian consent.<\/p>\n<\/div><\/div><\/div><div class=\"w-hwrapper valign_top align_none\" style=\"--hwrapper-gap:0.5rem\"><div class=\"w-text us_custom_224c03b0\"><span class=\"w-text-h\"><span class=\"w-text-value\">info<\/span><\/span><\/div><div class=\"wpb_text_column\"><div class=\"wpb_wrapper\"><p>Only the tattooed person is allowed in the working area.<\/p>\n<\/div><\/div><\/div><div class=\"w-hwrapper valign_top align_none\" style=\"--hwrapper-gap:0.5rem\"><div class=\"w-text us_custom_224c03b0\"><span class=\"w-text-h\"><span class=\"w-text-value\">info<\/span><\/span><\/div><div class=\"wpb_text_column\"><div class=\"wpb_wrapper\"><p>A maximum of one accompanying person is allowed.<\/p>\n<\/div><\/div><\/div><div class=\"w-hwrapper valign_top align_none\" style=\"--hwrapper-gap:0.5rem\"><div class=\"w-text us_custom_224c03b0\"><span class=\"w-text-h\"><span class=\"w-text-value\">info<\/span><\/span><\/div><div class=\"wpb_text_column\"><div class=\"wpb_wrapper\"><p>Recording is prohibited without the artist\u2019s consent.<\/p>\n<\/div><\/div><\/div><\/div><\/div><\/div><\/div><\/div><\/section><section class=\"l-section wpb_row height_medium\" id=\"after\"><div class=\"l-section-h i-cf\"><div class=\"g-cols vc_row via_grid cols_2 laptops-cols_inherit tablets-cols_1 mobiles-cols_1 valign_top type_default reversed stacking_default\" style=\"--columns-gap:3.5rem;\"><div class=\"wpb_column vc_column_container\"><div class=\"vc_column-inner\"><div class=\"w-image us_custom_13d3144f animate-zoom has_ratio align_none\"><div class=\"w-image-h\"><div style=\"padding-bottom:133.3333%\"><\/div><img decoding=\"async\" width=\"683\" height=\"1024\" src=\"https:\/\/finelinetattoo.pl\/wp-content\/uploads\/2025\/03\/IMG_4606-683x1024.jpg\" class=\"attachment-large size-large\" alt=\"Kosmetyki do piel\u0119gnacji tatua\u017cu ustawione na p\u00f3\u0142ce\" loading=\"lazy\" \/><\/div><\/div><div class=\"w-separator size_medium\"><\/div><div class=\"w-vwrapper us_custom_5d4143af align_none valign_top\"><h4 class=\"w-text\"><span class=\"w-text-h\"><span class=\"w-text-value\">Note:<\/span><\/span><\/h4><div class=\"wpb_text_column us_custom_56e23695\"><div class=\"wpb_wrapper\"><p>Tattoos done on hands, fingers, feet, knees, and elbows have a higher tendency to fade. The decision regarding free touch-ups is made by the tattoo artist.<\/p>\n<\/div><\/div><\/div><\/div><\/div><div class=\"wpb_column vc_column_container\"><div class=\"vc_column-inner\"><div class=\"w-vwrapper us_custom_cac830fe align_none valign_top\"><h3 class=\"w-text us_custom_137690b6\"><span class=\"w-text-h\"><span class=\"w-text-value\">Aftercare<\/span><\/span><\/h3><h3 class=\"w-text us_custom_be1d6636 has_text_color\"><span class=\"w-text-h\"><span class=\"w-text-value\">after your tattoo session:<\/span><\/span><\/h3><\/div><div class=\"w-separator size_medium\"><\/div><div class=\"w-hwrapper us_custom_6187a5cd valign_top align_none\"><div class=\"w-text us_custom_0dff00fc has_text_color\"><span class=\"w-text-h\"><span class=\"w-text-value\">01<\/span><\/span><\/div><div class=\"w-vwrapper align_none valign_top\"><h3 class=\"w-text\"><span class=\"w-text-h\"><span class=\"w-text-value\">Basic hygiene<\/span><\/span><\/h3><div class=\"wpb_text_column\"><div class=\"wpb_wrapper\"><p><strong>Always wash your hands<\/strong><br \/>\nbefore touching a fresh tattoo. If you notice blood or fluid under the protective film (\u201csecond skin\u201d), this is a normal occurrence.<\/p>\n<\/div><\/div><\/div><\/div><div class=\"w-hwrapper us_custom_6187a5cd valign_top align_none\"><div class=\"w-text us_custom_0dff00fc has_text_color\"><span class=\"w-text-h\"><span class=\"w-text-value\">02<\/span><\/span><\/div><div class=\"w-vwrapper align_none valign_top\"><h3 class=\"w-text\"><span class=\"w-text-h\"><span class=\"w-text-value\">Protective film<\/span><\/span><\/h3><div class=\"wpb_text_column\"><div class=\"wpb_wrapper\"><p>Remove the &#8220;second skin&#8221; film after 1-3 days. If the film starts peeling off earlier, don\u2019t worry. Simply remove it completely.<\/p>\n<\/div><\/div><div class=\"wpb_text_column us_custom_343436b2\"><div class=\"wpb_wrapper\"><p>Then wash the tattoo with clean hands using antibacterial soap. Do this <strong>3\u20134 times a day<\/strong> for the next <strong>2 weeks<\/strong>. Gently pat the tattoo dry with a paper towel.<\/p>\n<\/div><\/div><\/div><\/div><div class=\"w-hwrapper us_custom_6187a5cd valign_top align_none\"><div class=\"w-text us_custom_0dff00fc has_text_color\"><span class=\"w-text-h\"><span class=\"w-text-value\">03<\/span><\/span><\/div><div class=\"w-vwrapper align_none valign_top\"><h3 class=\"w-text\"><span class=\"w-text-h\"><span class=\"w-text-value\">Moisturizing<\/span><\/span><\/h3><div class=\"wpb_text_column\"><div class=\"wpb_wrapper\"><p>After each wash, apply a thin layer of tattoo aftercare cream.<\/p>\n<\/div><\/div><div class=\"wpb_text_column us_custom_3e35fa90\"><div class=\"wpb_wrapper\"><ul>\n<li>Always use clean hands.<\/li>\n<li>Avoid contact between the tip of the tube and the tattoo.<\/li>\n<\/ul>\n<\/div><\/div><\/div><\/div><div class=\"w-hwrapper us_custom_6187a5cd valign_top align_none\"><div class=\"w-text us_custom_783cf4e4 has_text_color\"><span class=\"w-text-h\"><span class=\"w-text-value\">!<\/span><\/span><\/div><div class=\"w-vwrapper align_none valign_top\"><h3 class=\"w-text\"><span class=\"w-text-h\"><span class=\"w-text-value\">What to avoid?<\/span><\/span><\/h3><div class=\"w-text us_custom_3e35fa90 icon_atleft\"><span class=\"w-text-h\"><i class=\"material-icons\">close<\/i><span class=\"w-text-value\">Avoid swimming pools, jacuzzis, and saunas.<\/span><\/span><\/div><div class=\"w-text us_custom_3e35fa90 icon_atleft\"><span class=\"w-text-h\"><i class=\"material-icons\">watch_later<\/i><span class=\"w-text-value\">You may take &lt;strong&gt;short showers&lt;\/strong&gt;, but avoid soaking the tattoo in water for 2 weeks.<\/span><\/span><\/div><div class=\"w-text us_custom_3e35fa90 icon_atleft\"><span class=\"w-text-h\"><i class=\"material-icons\">close<\/i><span class=\"w-text-value\">Do not scratch, rub, or pick at scabs.<\/span><\/span><\/div><div class=\"w-text us_custom_3e35fa90 icon_atleft\"><span class=\"w-text-h\"><i class=\"material-icons\">wb_sunny<\/i><span class=\"w-text-value\">Avoid sun exposure for about one month; afterward, use &lt;strong&gt;sunscreen with UV protection&lt;\/strong&gt;.<\/span><\/span><\/div><div class=\"w-text us_custom_3e35fa90 icon_atleft\"><span class=\"w-text-h\"><i class=\"material-icons\">checkroom<\/i><span class=\"w-text-value\">Avoid tight clothing, jewelry, and shoes that may rub against the tattoo.<\/span><\/span><\/div><div class=\"w-separator size_small\"><\/div><div class=\"w-text us_custom_175b29d5\"><span class=\"w-text-h\"><span class=\"w-text-value\">&#8220;If the tattoo itches, gently pat it with a clean hand \u2014 do not scratch.&#8221;<\/span><\/span><\/div><\/div><\/div><\/div><\/div><\/div><\/div><\/section>\n","protected":false},"excerpt":{"rendered":"","protected":false},"author":1,"featured_media":0,"parent":999,"menu_order":0,"comment_status":"closed","ping_status":"closed","template":"","meta":{"_acf_changed":false,"footnotes":""},"class_list":["post-1002","page","type-page","status-publish","hentry"],"acf":[],"_links":{"self":[{"href":"https:\/\/finelinetattoo.pl\/en\/wp-json\/wp\/v2\/pages\/1002","targetHints":{"allow":["GET"]}}],"collection":[{"href":"https:\/\/finelinetattoo.pl\/en\/wp-json\/wp\/v2\/pages"}],"about":[{"href":"https:\/\/finelinetattoo.pl\/en\/wp-json\/wp\/v2\/types\/page"}],"author":[{"embeddable":true,"href":"https:\/\/finelinetattoo.pl\/en\/wp-json\/wp\/v2\/users\/1"}],"replies":[{"embeddable":true,"href":"https:\/\/finelinetattoo.pl\/en\/wp-json\/wp\/v2\/comments?post=1002"}],"version-history":[{"count":13,"href":"https:\/\/finelinetattoo.pl\/en\/wp-json\/wp\/v2\/pages\/1002\/revisions"}],"predecessor-version":[{"id":2835,"href":"https:\/\/finelinetattoo.pl\/en\/wp-json\/wp\/v2\/pages\/1002\/revisions\/2835"}],"up":[{"embeddable":true,"href":"https:\/\/finelinetattoo.pl\/en\/wp-json\/wp\/v2\/pages\/999"}],"wp:attachment":[{"href":"https:\/\/finelinetattoo.pl\/en\/wp-json\/wp\/v2\/media?parent=1002"}],"curies":[{"name":"wp","href":"https:\/\/api.w.org\/{rel}","templated":true}]}}